{"id":3319,"date":"2023-11-15T21:52:21","date_gmt":"2023-11-15T21:52:21","guid":{"rendered":"http:\/\/eltiosam.com.mx\/index.php\/product\/parrilla-de-gas-teka-30cm-efx-30-1-2g-ai-al-ci\/"},"modified":"2024-02-22T01:03:51","modified_gmt":"2024-02-22T01:03:51","slug":"parrilla-de-gas-teka-30cm-efx-30-1-2g-ai-al-ci","status":"publish","type":"product","link":"https:\/\/eltiosam.com.mx\/index.php\/product\/parrilla-de-gas-teka-30cm-efx-30-1-2g-ai-al-ci\/","title":{"rendered":"PARRILLA DE GAS TEKA 30CM EFX 30.1 2G AI AL CI"},"content":{"rendered":"<p><b>Descripci\u00f3n:<\/b><\/p>\n<p>Esta parrilla de gas Teka ofrece un dise\u00f1o elegante y caracter\u00edsticas eficientes para tu cocina. La combinaci\u00f3n de ara\u00f1as y tapas de quemadores de hierro fundido proporciona durabilidad y resistencia, mientras que el encendido el\u00e9ctrico y los mandos frontales WISH ofrecen comodidad en su uso.<\/p>\n","protected":false},"excerpt":{"rendered":"<p>Descripci\u00f3n: Esta parrilla de gas Teka ofrece un dise\u00f1o elegante y caracter\u00edsticas eficientes para tu cocina. La combinaci\u00f3n de ara\u00f1as y tapas de quemadores de hierro fundido proporciona durabilidad y resistencia, mientras que el encendido el\u00e9ctrico y los mandos frontales WISH ofrecen comodidad en su uso.<\/p>\n","protected":false},"featured_media":4834,"template":"","meta":{"_joinchat":[]},"product_brand":[],"product_cat":[161,29,189,190],"product_tag":[106],"class_list":{"0":"post-3319","1":"product","2":"type-product","3":"status-publish","4":"has-post-thumbnail","6":"product_cat-best-selling-products","7":"product_cat-coccion","8":"product_cat-parrillas","9":"product_cat-parrillas-de-gas","10":"product_tag-teka","12":"first","13":"outofstock","14":"shipping-taxable","15":"purchasable","16":"product-type-simple"},"_links":{"self":[{"href":"https:\/\/eltiosam.com.mx\/index.php\/wp-json\/wp\/v2\/product\/3319","targetHints":{"allow":["GET"]}}],"collection":[{"href":"https:\/\/eltiosam.com.mx\/index.php\/wp-json\/wp\/v2\/product"}],"about":[{"href":"https:\/\/eltiosam.com.mx\/index.php\/wp-json\/wp\/v2\/types\/product"}],"wp:featuredmedia":[{"embeddable":true,"href":"https:\/\/eltiosam.com.mx\/index.php\/wp-json\/wp\/v2\/media\/4834"}],"wp:attachment":[{"href":"https:\/\/eltiosam.com.mx\/index.php\/wp-json\/wp\/v2\/media?parent=3319"}],"wp:term":[{"taxonomy":"product_brand","embeddable":true,"href":"https:\/\/eltiosam.com.mx\/index.php\/wp-json\/wp\/v2\/product_brand?post=3319"},{"taxonomy":"product_cat","embeddable":true,"href":"https:\/\/eltiosam.com.mx\/index.php\/wp-json\/wp\/v2\/product_cat?post=3319"},{"taxonomy":"product_tag","embeddable":true,"href":"https:\/\/eltiosam.com.mx\/index.php\/wp-json\/wp\/v2\/product_tag?post=3319"}],"curies":[{"name":"wp","href":"https:\/\/api.w.org\/{rel}","templated":true}]}}