{"id":3231,"date":"2023-11-15T21:52:10","date_gmt":"2023-11-15T21:52:10","guid":{"rendered":"http:\/\/eltiosam.com.mx\/index.php\/product\/parrilla-asko-90cm-hi1995g\/"},"modified":"2024-02-22T00:31:55","modified_gmt":"2024-02-22T00:31:55","slug":"parrilla-asko-90cm-hi1995g","status":"publish","type":"product","link":"https:\/\/eltiosam.com.mx\/index.php\/product\/parrilla-asko-90cm-hi1995g\/","title":{"rendered":"PARRILLA ASKO 90CM HI1995G"},"content":{"rendered":"<p><strong>Descripci\u00f3n:<\/strong><\/p>\n<p>Esta parrilla de inducci\u00f3n ASKO es ideal para quienes buscan eficiencia y control preciso en la cocci\u00f3n, ofreciendo una est\u00e9tica moderna y elegante que se adapta perfectamente a cocinas contempor\u00e1neas\u200b\u200b\u200b\u200b\u200b\u200b\u200b\u200b.<\/p>\n","protected":false},"excerpt":{"rendered":"<p>Descripci\u00f3n: Esta parrilla de inducci\u00f3n ASKO es ideal para quienes buscan eficiencia y control preciso en la cocci\u00f3n, ofreciendo una est\u00e9tica moderna y elegante que se adapta perfectamente a cocinas contempor\u00e1neas\u200b\u200b\u200b\u200b\u200b\u200b\u200b\u200b.<\/p>\n","protected":false},"featured_media":4816,"template":"","meta":{"_joinchat":[]},"product_brand":[],"product_cat":[161,29,189,191],"product_tag":[77],"class_list":{"0":"post-3231","1":"product","2":"type-product","3":"status-publish","4":"has-post-thumbnail","6":"product_cat-best-selling-products","7":"product_cat-coccion","8":"product_cat-parrillas","9":"product_cat-parrillas-de-induccion","10":"product_tag-asko","12":"first","13":"outofstock","14":"shipping-taxable","15":"purchasable","16":"product-type-simple"},"_links":{"self":[{"href":"https:\/\/eltiosam.com.mx\/index.php\/wp-json\/wp\/v2\/product\/3231","targetHints":{"allow":["GET"]}}],"collection":[{"href":"https:\/\/eltiosam.com.mx\/index.php\/wp-json\/wp\/v2\/product"}],"about":[{"href":"https:\/\/eltiosam.com.mx\/index.php\/wp-json\/wp\/v2\/types\/product"}],"wp:featuredmedia":[{"embeddable":true,"href":"https:\/\/eltiosam.com.mx\/index.php\/wp-json\/wp\/v2\/media\/4816"}],"wp:attachment":[{"href":"https:\/\/eltiosam.com.mx\/index.php\/wp-json\/wp\/v2\/media?parent=3231"}],"wp:term":[{"taxonomy":"product_brand","embeddable":true,"href":"https:\/\/eltiosam.com.mx\/index.php\/wp-json\/wp\/v2\/product_brand?post=3231"},{"taxonomy":"product_cat","embeddable":true,"href":"https:\/\/eltiosam.com.mx\/index.php\/wp-json\/wp\/v2\/product_cat?post=3231"},{"taxonomy":"product_tag","embeddable":true,"href":"https:\/\/eltiosam.com.mx\/index.php\/wp-json\/wp\/v2\/product_tag?post=3231"}],"curies":[{"name":"wp","href":"https:\/\/api.w.org\/{rel}","templated":true}]}}