{"id":3201,"date":"2023-11-15T21:52:05","date_gmt":"2023-11-15T21:52:05","guid":{"rendered":"http:\/\/eltiosam.com.mx\/index.php\/product\/parrilla-ge-profile-90cm-pp936smss\/"},"modified":"2024-02-23T01:33:37","modified_gmt":"2024-02-23T01:33:37","slug":"parrilla-ge-profile-90cm-pp936smss","status":"publish","type":"product","link":"https:\/\/eltiosam.com.mx\/index.php\/product\/parrilla-ge-profile-90cm-pp936smss\/","title":{"rendered":"PARRILLA GE PROFILE 90CM PP936SMSS"},"content":{"rendered":"<p><b>Descripci\u00f3n:<\/b><\/p>\n<p>Estas especificaciones te proporcionan una visi\u00f3n completa de las caracter\u00edsticas y dimensiones de la parrilla GE Profile 90cm PP936SMSS.<\/p>\n","protected":false},"excerpt":{"rendered":"<p>Descripci\u00f3n: Estas especificaciones te proporcionan una visi\u00f3n completa de las caracter\u00edsticas y dimensiones de la parrilla GE Profile 90cm PP936SMSS.<\/p>\n","protected":false},"featured_media":4808,"template":"","meta":{"_joinchat":[]},"product_brand":[],"product_cat":[161,29,189,192],"product_tag":[57],"class_list":{"0":"post-3201","1":"product","2":"type-product","3":"status-publish","4":"has-post-thumbnail","6":"product_cat-best-selling-products","7":"product_cat-coccion","8":"product_cat-parrillas","9":"product_cat-parrillas-electricas","10":"product_tag-ge","12":"first","13":"outofstock","14":"shipping-taxable","15":"purchasable","16":"product-type-simple"},"_links":{"self":[{"href":"https:\/\/eltiosam.com.mx\/index.php\/wp-json\/wp\/v2\/product\/3201","targetHints":{"allow":["GET"]}}],"collection":[{"href":"https:\/\/eltiosam.com.mx\/index.php\/wp-json\/wp\/v2\/product"}],"about":[{"href":"https:\/\/eltiosam.com.mx\/index.php\/wp-json\/wp\/v2\/types\/product"}],"wp:featuredmedia":[{"embeddable":true,"href":"https:\/\/eltiosam.com.mx\/index.php\/wp-json\/wp\/v2\/media\/4808"}],"wp:attachment":[{"href":"https:\/\/eltiosam.com.mx\/index.php\/wp-json\/wp\/v2\/media?parent=3201"}],"wp:term":[{"taxonomy":"product_brand","embeddable":true,"href":"https:\/\/eltiosam.com.mx\/index.php\/wp-json\/wp\/v2\/product_brand?post=3201"},{"taxonomy":"product_cat","embeddable":true,"href":"https:\/\/eltiosam.com.mx\/index.php\/wp-json\/wp\/v2\/product_cat?post=3201"},{"taxonomy":"product_tag","embeddable":true,"href":"https:\/\/eltiosam.com.mx\/index.php\/wp-json\/wp\/v2\/product_tag?post=3201"}],"curies":[{"name":"wp","href":"https:\/\/api.w.org\/{rel}","templated":true}]}}