{"id":3027,"date":"2023-11-15T21:51:45","date_gmt":"2023-11-15T21:51:45","guid":{"rendered":"http:\/\/eltiosam.com.mx\/index.php\/product\/microondas-whirlpool-wm1211d\/"},"modified":"2024-02-21T01:18:30","modified_gmt":"2024-02-21T01:18:30","slug":"microondas-whirlpool-wm1211d","status":"publish","type":"product","link":"https:\/\/eltiosam.com.mx\/index.php\/product\/microondas-whirlpool-wm1211d\/","title":{"rendered":"MICROONDAS WHIRLPOOL WM1211D"},"content":{"rendered":"<p><strong>Descripci\u00f3n:<\/strong><\/p>\n<p>Este microondas destaca por su capacidad de 31 litros, lo que lo hace adecuado para familias o para uso en peque\u00f1os negocios. La potencia de 1350 W asegura un calentamiento eficiente y r\u00e1pido. Adem\u00e1s, las funciones autom\u00e1ticas y el sensor de cocci\u00f3n proporcionan comodidad y precisi\u00f3n en la preparaci\u00f3n de alimentos\u200b\u200b\u200b\u200b\u200b\u200b\u200b\u200b.<\/p>\n","protected":false},"excerpt":{"rendered":"<p>Descripci\u00f3n: Este microondas destaca por su capacidad de 31 litros, lo que lo hace adecuado para familias o para uso en peque\u00f1os negocios. La potencia de 1350 W asegura un calentamiento eficiente y r\u00e1pido. Adem\u00e1s, las funciones autom\u00e1ticas y el sensor de cocci\u00f3n proporcionan comodidad y precisi\u00f3n en la preparaci\u00f3n de alimentos\u200b\u200b\u200b\u200b\u200b\u200b\u200b\u200b.<\/p>\n","protected":false},"featured_media":4788,"template":"","meta":{"_joinchat":[]},"product_brand":[],"product_cat":[161,29,184],"product_tag":[204],"class_list":{"0":"post-3027","1":"product","2":"type-product","3":"status-publish","4":"has-post-thumbnail","6":"product_cat-best-selling-products","7":"product_cat-coccion","8":"product_cat-microondas","9":"product_tag-whirlpool","11":"first","12":"outofstock","13":"shipping-taxable","14":"purchasable","15":"product-type-simple"},"_links":{"self":[{"href":"https:\/\/eltiosam.com.mx\/index.php\/wp-json\/wp\/v2\/product\/3027","targetHints":{"allow":["GET"]}}],"collection":[{"href":"https:\/\/eltiosam.com.mx\/index.php\/wp-json\/wp\/v2\/product"}],"about":[{"href":"https:\/\/eltiosam.com.mx\/index.php\/wp-json\/wp\/v2\/types\/product"}],"wp:featuredmedia":[{"embeddable":true,"href":"https:\/\/eltiosam.com.mx\/index.php\/wp-json\/wp\/v2\/media\/4788"}],"wp:attachment":[{"href":"https:\/\/eltiosam.com.mx\/index.php\/wp-json\/wp\/v2\/media?parent=3027"}],"wp:term":[{"taxonomy":"product_brand","embeddable":true,"href":"https:\/\/eltiosam.com.mx\/index.php\/wp-json\/wp\/v2\/product_brand?post=3027"},{"taxonomy":"product_cat","embeddable":true,"href":"https:\/\/eltiosam.com.mx\/index.php\/wp-json\/wp\/v2\/product_cat?post=3027"},{"taxonomy":"product_tag","embeddable":true,"href":"https:\/\/eltiosam.com.mx\/index.php\/wp-json\/wp\/v2\/product_tag?post=3027"}],"curies":[{"name":"wp","href":"https:\/\/api.w.org\/{rel}","templated":true}]}}