{"id":3015,"date":"2023-11-15T21:51:44","date_gmt":"2023-11-15T21:51:44","guid":{"rendered":"http:\/\/eltiosam.com.mx\/index.php\/product\/microondas-teka-ms-622-bis-l\/"},"modified":"2024-02-21T01:15:20","modified_gmt":"2024-02-21T01:15:20","slug":"microondas-teka-ms-622-bis-l","status":"publish","type":"product","link":"https:\/\/eltiosam.com.mx\/index.php\/product\/microondas-teka-ms-622-bis-l\/","title":{"rendered":"MICROONDAS TEKA MS 622 BIS L"},"content":{"rendered":"<p><strong>Descripci\u00f3n:<\/strong><\/p>\n<p>El microondas <strong>Teka MS 622 BIS L<\/strong> cuenta con caracter\u00edsticas y especificaciones destacadas que lo hacen un electrodom\u00e9stico moderno y funcional. Este modelo se destaca por su dise\u00f1o integrable y funcional, su sistema de cocci\u00f3n vers\u00e1til con grill y microondas, y su enfoque en la seguridad y facilidad de uso\u200b\u200b\u200b\u200b\u200b\u200b\u200b\u200b.<\/p>\n","protected":false},"excerpt":{"rendered":"<p>Descripci\u00f3n: El microondas Teka MS 622 BIS L cuenta con caracter\u00edsticas y especificaciones destacadas que lo hacen un electrodom\u00e9stico moderno y funcional. Este modelo se destaca por su dise\u00f1o integrable y funcional, su sistema de cocci\u00f3n vers\u00e1til con grill y microondas, y su enfoque en la seguridad y facilidad de uso\u200b\u200b\u200b\u200b\u200b\u200b\u200b\u200b.<\/p>\n","protected":false},"featured_media":4785,"template":"","meta":{"_joinchat":[]},"product_brand":[],"product_cat":[161,29,184],"product_tag":[106],"class_list":{"0":"post-3015","1":"product","2":"type-product","3":"status-publish","4":"has-post-thumbnail","6":"product_cat-best-selling-products","7":"product_cat-coccion","8":"product_cat-microondas","9":"product_tag-teka","11":"first","12":"outofstock","13":"shipping-taxable","14":"purchasable","15":"product-type-simple"},"_links":{"self":[{"href":"https:\/\/eltiosam.com.mx\/index.php\/wp-json\/wp\/v2\/product\/3015","targetHints":{"allow":["GET"]}}],"collection":[{"href":"https:\/\/eltiosam.com.mx\/index.php\/wp-json\/wp\/v2\/product"}],"about":[{"href":"https:\/\/eltiosam.com.mx\/index.php\/wp-json\/wp\/v2\/types\/product"}],"wp:featuredmedia":[{"embeddable":true,"href":"https:\/\/eltiosam.com.mx\/index.php\/wp-json\/wp\/v2\/media\/4785"}],"wp:attachment":[{"href":"https:\/\/eltiosam.com.mx\/index.php\/wp-json\/wp\/v2\/media?parent=3015"}],"wp:term":[{"taxonomy":"product_brand","embeddable":true,"href":"https:\/\/eltiosam.com.mx\/index.php\/wp-json\/wp\/v2\/product_brand?post=3015"},{"taxonomy":"product_cat","embeddable":true,"href":"https:\/\/eltiosam.com.mx\/index.php\/wp-json\/wp\/v2\/product_cat?post=3015"},{"taxonomy":"product_tag","embeddable":true,"href":"https:\/\/eltiosam.com.mx\/index.php\/wp-json\/wp\/v2\/product_tag?post=3015"}],"curies":[{"name":"wp","href":"https:\/\/api.w.org\/{rel}","templated":true}]}}