{"id":2983,"date":"2023-11-15T21:51:40","date_gmt":"2023-11-15T21:51:40","guid":{"rendered":"http:\/\/eltiosam.com.mx\/index.php\/product\/microondas-teka-hlc-844-c-ngo\/"},"modified":"2024-02-21T01:09:13","modified_gmt":"2024-02-21T01:09:13","slug":"microondas-teka-hlc-844-c-ngo","status":"publish","type":"product","link":"https:\/\/eltiosam.com.mx\/index.php\/product\/microondas-teka-hlc-844-c-ngo\/","title":{"rendered":"MICROONDAS TEKA HLC 844 C NGO."},"content":{"rendered":"<p><strong>Descripci\u00f3n:<\/strong><\/p>\n<p>Horno con 11 funciones de cocinado + Hydroclean Pro, 5 niveles de potencia de microondas<\/p>\n<ul>\n<li>Cristal negro y marco en acero inoxidable con antihuella<\/li>\n<li>5 niveles de potencia de microondas<\/li>\n<li>Capacidad: 40\/41L (neto\/bruto)<\/li>\n<li>Display con touch control<\/li>\n<li>Timer digital<\/li>\n<li>Maxi Grill: 2,500 W<\/li>\n<li>Puerta de triple cristal<\/li>\n<li>Ventilaci\u00f3n din\u00e1mica<\/li>\n<li>Bloqueo de seguridad para ni\u00f1os<\/li>\n<li>Esmalte interior Crystal Clean\u00ae<\/li>\n<li>Gu\u00eda cromada telesc\u00f3pica.<\/li>\n<\/ul>\n<div><\/div>\n","protected":false},"excerpt":{"rendered":"<p>Descripci\u00f3n: Horno con 11 funciones de cocinado + Hydroclean Pro, 5 niveles de potencia de microondas Cristal negro y marco en acero inoxidable con antihuella 5 niveles de potencia de microondas Capacidad: 40\/41L (neto\/bruto) Display con touch control Timer digital Maxi Grill: 2,500 W Puerta de triple cristal Ventilaci\u00f3n din\u00e1mica Bloqueo de seguridad para ni\u00f1os [&hellip;]<\/p>\n","protected":false},"featured_media":4780,"template":"","meta":{"_joinchat":[]},"product_brand":[],"product_cat":[161,29,184],"product_tag":[106],"class_list":{"0":"post-2983","1":"product","2":"type-product","3":"status-publish","4":"has-post-thumbnail","6":"product_cat-best-selling-products","7":"product_cat-coccion","8":"product_cat-microondas","9":"product_tag-teka","11":"first","12":"outofstock","13":"shipping-taxable","14":"purchasable","15":"product-type-simple"},"_links":{"self":[{"href":"https:\/\/eltiosam.com.mx\/index.php\/wp-json\/wp\/v2\/product\/2983","targetHints":{"allow":["GET"]}}],"collection":[{"href":"https:\/\/eltiosam.com.mx\/index.php\/wp-json\/wp\/v2\/product"}],"about":[{"href":"https:\/\/eltiosam.com.mx\/index.php\/wp-json\/wp\/v2\/types\/product"}],"wp:featuredmedia":[{"embeddable":true,"href":"https:\/\/eltiosam.com.mx\/index.php\/wp-json\/wp\/v2\/media\/4780"}],"wp:attachment":[{"href":"https:\/\/eltiosam.com.mx\/index.php\/wp-json\/wp\/v2\/media?parent=2983"}],"wp:term":[{"taxonomy":"product_brand","embeddable":true,"href":"https:\/\/eltiosam.com.mx\/index.php\/wp-json\/wp\/v2\/product_brand?post=2983"},{"taxonomy":"product_cat","embeddable":true,"href":"https:\/\/eltiosam.com.mx\/index.php\/wp-json\/wp\/v2\/product_cat?post=2983"},{"taxonomy":"product_tag","embeddable":true,"href":"https:\/\/eltiosam.com.mx\/index.php\/wp-json\/wp\/v2\/product_tag?post=2983"}],"curies":[{"name":"wp","href":"https:\/\/api.w.org\/{rel}","templated":true}]}}