{"id":2982,"date":"2023-11-15T21:51:39","date_gmt":"2023-11-15T21:51:39","guid":{"rendered":"http:\/\/eltiosam.com.mx\/index.php\/product\/microondas-teka-1-4p3-mwg14x\/"},"modified":"2024-02-21T01:07:25","modified_gmt":"2024-02-21T01:07:25","slug":"microondas-teka-1-4p3-mwg14x","status":"publish","type":"product","link":"https:\/\/eltiosam.com.mx\/index.php\/product\/microondas-teka-1-4p3-mwg14x\/","title":{"rendered":"MICROONDAS TEKA 1.4p3 MWG14X"},"content":{"rendered":"<p><strong>Descripci\u00f3n:<\/strong><\/p>\n<p>D\u00e9jate sorprender por el horno de microondas Teka 1.4 pies c\u00fabicos acero MWG 14X, su sofisticado dise\u00f1o y caracter\u00edsticas especiales, hacen de este modelo el ideal para tu cocina; su acabado en puerta r\u00e9flex, doble cristal en puerta, recubrimiento Easy Clean y panel de mando electr\u00f3nico, har\u00e1n de este modelo el indispensable para tu cocina, disfruta de su incre\u00edble velocidad y temperatura perfecta. Prep\u00e1rate para preparar y degustar deliciosos platillos con el horno de microondas Teka 1.4 pies c\u00fabicos acero MWG1 4X.<\/p>\n","protected":false},"excerpt":{"rendered":"<p>Descripci\u00f3n: D\u00e9jate sorprender por el horno de microondas Teka 1.4 pies c\u00fabicos acero MWG 14X, su sofisticado dise\u00f1o y caracter\u00edsticas especiales, hacen de este modelo el ideal para tu cocina; su acabado en puerta r\u00e9flex, doble cristal en puerta, recubrimiento Easy Clean y panel de mando electr\u00f3nico, har\u00e1n de este modelo el indispensable para tu [&hellip;]<\/p>\n","protected":false},"featured_media":4777,"template":"","meta":{"_joinchat":[]},"product_brand":[],"product_cat":[161,29,184],"product_tag":[106],"class_list":{"0":"post-2982","1":"product","2":"type-product","3":"status-publish","4":"has-post-thumbnail","6":"product_cat-best-selling-products","7":"product_cat-coccion","8":"product_cat-microondas","9":"product_tag-teka","11":"first","12":"outofstock","13":"shipping-taxable","14":"purchasable","15":"product-type-simple"},"_links":{"self":[{"href":"https:\/\/eltiosam.com.mx\/index.php\/wp-json\/wp\/v2\/product\/2982","targetHints":{"allow":["GET"]}}],"collection":[{"href":"https:\/\/eltiosam.com.mx\/index.php\/wp-json\/wp\/v2\/product"}],"about":[{"href":"https:\/\/eltiosam.com.mx\/index.php\/wp-json\/wp\/v2\/types\/product"}],"wp:featuredmedia":[{"embeddable":true,"href":"https:\/\/eltiosam.com.mx\/index.php\/wp-json\/wp\/v2\/media\/4777"}],"wp:attachment":[{"href":"https:\/\/eltiosam.com.mx\/index.php\/wp-json\/wp\/v2\/media?parent=2982"}],"wp:term":[{"taxonomy":"product_brand","embeddable":true,"href":"https:\/\/eltiosam.com.mx\/index.php\/wp-json\/wp\/v2\/product_brand?post=2982"},{"taxonomy":"product_cat","embeddable":true,"href":"https:\/\/eltiosam.com.mx\/index.php\/wp-json\/wp\/v2\/product_cat?post=2982"},{"taxonomy":"product_tag","embeddable":true,"href":"https:\/\/eltiosam.com.mx\/index.php\/wp-json\/wp\/v2\/product_tag?post=2982"}],"curies":[{"name":"wp","href":"https:\/\/api.w.org\/{rel}","templated":true}]}}