{"id":2972,"date":"2023-11-15T21:51:38","date_gmt":"2023-11-15T21:51:38","guid":{"rendered":"http:\/\/eltiosam.com.mx\/index.php\/product\/microondas-teka-1-1p3-mwg11x\/"},"modified":"2024-02-21T01:05:08","modified_gmt":"2024-02-21T01:05:08","slug":"microondas-teka-1-1p3-mwg11x","status":"publish","type":"product","link":"https:\/\/eltiosam.com.mx\/index.php\/product\/microondas-teka-1-1p3-mwg11x\/","title":{"rendered":"MICROONDAS TEKA 1.1p3 MWG11X"},"content":{"rendered":"<p><strong>Descripci\u00f3n:<\/strong><\/p>\n<ul>\n<li>&#8220;Horno de microondas con capacidad de 1.1. p3<\/li>\n<li>Sistema de calentamiento uniforme t-wave<\/li>\n<li>Funci\u00f3n autom\u00e1tica de ahorro de energ\u00eda<\/li>\n<li>6 men\u00fas pre-programados<\/li>\n<li>11 niveles de potencia<\/li>\n<li>Interior con recubrimiento easy clean<\/li>\n<li>Alimentaci\u00f3n 120 V 60 Hz<\/li>\n<li>Energ\u00eda el\u00e9ctrica: 110 v\/60Hz.<\/li>\n<\/ul>\n<div><\/div>\n<div><\/div>\n","protected":false},"excerpt":{"rendered":"<p>Descripci\u00f3n: &#8220;Horno de microondas con capacidad de 1.1. p3 Sistema de calentamiento uniforme t-wave Funci\u00f3n autom\u00e1tica de ahorro de energ\u00eda 6 men\u00fas pre-programados 11 niveles de potencia Interior con recubrimiento easy clean Alimentaci\u00f3n 120 V 60 Hz Energ\u00eda el\u00e9ctrica: 110 v\/60Hz.<\/p>\n","protected":false},"featured_media":4775,"template":"","meta":{"_joinchat":[]},"product_brand":[],"product_cat":[161,29,184],"product_tag":[106],"class_list":{"0":"post-2972","1":"product","2":"type-product","3":"status-publish","4":"has-post-thumbnail","6":"product_cat-best-selling-products","7":"product_cat-coccion","8":"product_cat-microondas","9":"product_tag-teka","11":"first","12":"outofstock","13":"shipping-taxable","14":"purchasable","15":"product-type-simple"},"_links":{"self":[{"href":"https:\/\/eltiosam.com.mx\/index.php\/wp-json\/wp\/v2\/product\/2972","targetHints":{"allow":["GET"]}}],"collection":[{"href":"https:\/\/eltiosam.com.mx\/index.php\/wp-json\/wp\/v2\/product"}],"about":[{"href":"https:\/\/eltiosam.com.mx\/index.php\/wp-json\/wp\/v2\/types\/product"}],"wp:featuredmedia":[{"embeddable":true,"href":"https:\/\/eltiosam.com.mx\/index.php\/wp-json\/wp\/v2\/media\/4775"}],"wp:attachment":[{"href":"https:\/\/eltiosam.com.mx\/index.php\/wp-json\/wp\/v2\/media?parent=2972"}],"wp:term":[{"taxonomy":"product_brand","embeddable":true,"href":"https:\/\/eltiosam.com.mx\/index.php\/wp-json\/wp\/v2\/product_brand?post=2972"},{"taxonomy":"product_cat","embeddable":true,"href":"https:\/\/eltiosam.com.mx\/index.php\/wp-json\/wp\/v2\/product_cat?post=2972"},{"taxonomy":"product_tag","embeddable":true,"href":"https:\/\/eltiosam.com.mx\/index.php\/wp-json\/wp\/v2\/product_tag?post=2972"}],"curies":[{"name":"wp","href":"https:\/\/api.w.org\/{rel}","templated":true}]}}