{"id":2927,"date":"2023-11-15T21:51:30","date_gmt":"2023-11-15T21:51:30","guid":{"rendered":"http:\/\/eltiosam.com.mx\/index.php\/product\/microondas-mabe-7p3-hmm700wk\/"},"modified":"2024-02-21T00:39:21","modified_gmt":"2024-02-21T00:39:21","slug":"microondas-mabe-7p3-hmm700wk","status":"publish","type":"product","link":"https:\/\/eltiosam.com.mx\/index.php\/product\/microondas-mabe-7p3-hmm700wk\/","title":{"rendered":"MICROONDAS MABE .7p3 HMM700WK"},"content":{"rendered":"<p><strong>Descripci\u00f3n:<\/strong><\/p>\n<p>El microondas Mabe modelo HMM700WK posee caracter\u00edsticas y especificaciones que lo hacen una opci\u00f3n pr\u00e1ctica y funcional para la cocina. Este microondas se destaca por su tama\u00f1o compacto y sus programas especiales, que facilitan la preparaci\u00f3n de diversos alimentos de manera r\u00e1pida y sencilla. Ideal para cocinas con espacio limitado o para quienes buscan un electrodom\u00e9stico eficiente y f\u00e1cil de usar.<\/p>\n","protected":false},"excerpt":{"rendered":"<p>Descripci\u00f3n: El microondas Mabe modelo HMM700WK posee caracter\u00edsticas y especificaciones que lo hacen una opci\u00f3n pr\u00e1ctica y funcional para la cocina. Este microondas se destaca por su tama\u00f1o compacto y sus programas especiales, que facilitan la preparaci\u00f3n de diversos alimentos de manera r\u00e1pida y sencilla. Ideal para cocinas con espacio limitado o para quienes buscan [&hellip;]<\/p>\n","protected":false},"featured_media":4762,"template":"","meta":{"_joinchat":[]},"product_brand":[],"product_cat":[161,29,184],"product_tag":[21],"class_list":{"0":"post-2927","1":"product","2":"type-product","3":"status-publish","4":"has-post-thumbnail","6":"product_cat-best-selling-products","7":"product_cat-coccion","8":"product_cat-microondas","9":"product_tag-mabe","11":"first","12":"outofstock","13":"shipping-taxable","14":"purchasable","15":"product-type-simple"},"_links":{"self":[{"href":"https:\/\/eltiosam.com.mx\/index.php\/wp-json\/wp\/v2\/product\/2927","targetHints":{"allow":["GET"]}}],"collection":[{"href":"https:\/\/eltiosam.com.mx\/index.php\/wp-json\/wp\/v2\/product"}],"about":[{"href":"https:\/\/eltiosam.com.mx\/index.php\/wp-json\/wp\/v2\/types\/product"}],"wp:featuredmedia":[{"embeddable":true,"href":"https:\/\/eltiosam.com.mx\/index.php\/wp-json\/wp\/v2\/media\/4762"}],"wp:attachment":[{"href":"https:\/\/eltiosam.com.mx\/index.php\/wp-json\/wp\/v2\/media?parent=2927"}],"wp:term":[{"taxonomy":"product_brand","embeddable":true,"href":"https:\/\/eltiosam.com.mx\/index.php\/wp-json\/wp\/v2\/product_brand?post=2927"},{"taxonomy":"product_cat","embeddable":true,"href":"https:\/\/eltiosam.com.mx\/index.php\/wp-json\/wp\/v2\/product_cat?post=2927"},{"taxonomy":"product_tag","embeddable":true,"href":"https:\/\/eltiosam.com.mx\/index.php\/wp-json\/wp\/v2\/product_tag?post=2927"}],"curies":[{"name":"wp","href":"https:\/\/api.w.org\/{rel}","templated":true}]}}