{"id":2920,"date":"2023-11-15T21:51:29","date_gmt":"2023-11-15T21:51:29","guid":{"rendered":"http:\/\/eltiosam.com.mx\/index.php\/product\/microondas-lg-1-5p3-ms1596cir\/"},"modified":"2024-02-20T21:55:01","modified_gmt":"2024-02-20T21:55:01","slug":"microondas-lg-1-5p3-ms1596cir","status":"publish","type":"product","link":"https:\/\/eltiosam.com.mx\/index.php\/product\/microondas-lg-1-5p3-ms1596cir\/","title":{"rendered":"MICROONDAS LG 1.5p3 MS1596CIR"},"content":{"rendered":"<div class=\"flex-1 overflow-hidden\">\n<div class=\"react-scroll-to-bottom--css-knlxg-79elbk h-full\">\n<div class=\"react-scroll-to-bottom--css-knlxg-1n7m0yu\">\n<div class=\"flex flex-col pb-9 text-sm\">\n<div class=\"w-full text-token-text-primary\" data-testid=\"conversation-turn-13\">\n<div class=\"px-4 py-2 justify-center text-base md:gap-6 m-auto\">\n<div class=\"flex flex-1 text-base mx-auto gap-3 md:px-5 lg:px-1 xl:px-5 md:max-w-3xl lg:max-w-[40rem] xl:max-w-[48rem] group final-completion\">\n<div class=\"relative flex w-full flex-col lg:w-[calc(100%-115px)] agent-turn\">\n<div class=\"flex-col gap-1 md:gap-3\">\n<div class=\"flex flex-grow flex-col max-w-full\">\n<div class=\"min-h-[20px] text-message flex flex-col items-start gap-3 whitespace-pre-wrap break-words [.text-message+&amp;]:mt-5 overflow-x-auto\" data-message-author-role=\"assistant\" data-message-id=\"e3e5555d-ef92-4b26-babc-32dd78239eda\">\n<div class=\"markdown prose w-full break-words dark:prose-invert light\">\n<p><strong>Descripci\u00f3n:<\/strong><\/p>\n<ul>\n<li>Tipo de interior: Recubrimiento EasyClean<\/li>\n<li>Panel de control: Panel Touch (2)<\/li>\n<li>Tipo de puerta: Apertura Lateral<\/li>\n<li>Tipo de luz: LED<\/li>\n<li>Anillo Estable Hexagonal: S\u00ed<\/li>\n<\/ul>\n<p><strong>Caracter\u00edsticas:<\/strong><\/p>\n<ul>\n<li>F\u00e1cil Limpieza EasyClean Antibacterial: S\u00ed<\/li>\n<li>Temporizador: S\u00ed<\/li>\n<li>Inicio r\u00e1pido: S\u00ed<\/li>\n<li>Reloj: S\u00ed<\/li>\n<li>Bloqueo para ni\u00f1os: S\u00ed<\/li>\n<li>Ahorro de Energ\u00eda Eco-on: S\u00ed<\/li>\n<li>Microondas: S\u00ed<\/li>\n<li>Tipo de cavidad: Cuadrado<\/li>\n<\/ul>\n<p><strong>Tipos de Cocci\u00f3n:<\/strong><\/p>\n<ul>\n<li>Solo Microondas: S\u00ed<\/li>\n<li>Otros (especificar): Solo Microondas<\/li>\n<\/ul>\n<p><strong>Potencia:<\/strong><\/p>\n<ul>\n<li>Potencia El\u00e9ctrica (W): 1200<\/li>\n<li>Potencia El\u00e9ctrica en Microondas (W): 1350W<\/li>\n<\/ul>\n<p><strong>Potencia de Entrada:<\/strong><\/p>\n<ul>\n<li>Potencia (W): 110W<\/li>\n<li>Otros (especificar): Solo Microondas<\/li>\n<\/ul>\n<\/div>\n<\/div>\n<\/div>\n<\/div>\n<\/div>\n<\/div>\n<\/div>\n<\/div>\n<\/div>\n<\/div>\n<\/div>\n<\/div>\n<div class=\"w-full pt-2 md:pt-0 dark:border-white\/20 md:border-transparent md:dark:border-transparent md:w-[calc(100%-.5rem)]\">\n<form class=\"stretch mx-2 flex flex-row gap-3 last:mb-2 md:mx-4 md:last:mb-6 lg:mx-auto lg:max-w-2xl xl:max-w-3xl\">\n<div class=\"relative flex h-full flex-1 items-stretch md:flex-col\">\n<div class=\"flex w-full items-center\"><\/div>\n<\/div>\n<\/form>\n<\/div>\n","protected":false},"excerpt":{"rendered":"<p>Descripci\u00f3n: Tipo de interior: Recubrimiento EasyClean Panel de control: Panel Touch (2) Tipo de puerta: Apertura Lateral Tipo de luz: LED Anillo Estable Hexagonal: S\u00ed Caracter\u00edsticas: F\u00e1cil Limpieza EasyClean Antibacterial: S\u00ed Temporizador: S\u00ed Inicio r\u00e1pido: S\u00ed Reloj: S\u00ed Bloqueo para ni\u00f1os: S\u00ed Ahorro de Energ\u00eda Eco-on: S\u00ed Microondas: S\u00ed Tipo de cavidad: Cuadrado Tipos de [&hellip;]<\/p>\n","protected":false},"featured_media":4760,"template":"","meta":{"_joinchat":[]},"product_brand":[],"product_cat":[161,29,184],"product_tag":[208],"class_list":{"0":"post-2920","1":"product","2":"type-product","3":"status-publish","4":"has-post-thumbnail","6":"product_cat-best-selling-products","7":"product_cat-coccion","8":"product_cat-microondas","9":"product_tag-lg","11":"first","12":"outofstock","13":"shipping-taxable","14":"purchasable","15":"product-type-simple"},"_links":{"self":[{"href":"https:\/\/eltiosam.com.mx\/index.php\/wp-json\/wp\/v2\/product\/2920","targetHints":{"allow":["GET"]}}],"collection":[{"href":"https:\/\/eltiosam.com.mx\/index.php\/wp-json\/wp\/v2\/product"}],"about":[{"href":"https:\/\/eltiosam.com.mx\/index.php\/wp-json\/wp\/v2\/types\/product"}],"wp:featuredmedia":[{"embeddable":true,"href":"https:\/\/eltiosam.com.mx\/index.php\/wp-json\/wp\/v2\/media\/4760"}],"wp:attachment":[{"href":"https:\/\/eltiosam.com.mx\/index.php\/wp-json\/wp\/v2\/media?parent=2920"}],"wp:term":[{"taxonomy":"product_brand","embeddable":true,"href":"https:\/\/eltiosam.com.mx\/index.php\/wp-json\/wp\/v2\/product_brand?post=2920"},{"taxonomy":"product_cat","embeddable":true,"href":"https:\/\/eltiosam.com.mx\/index.php\/wp-json\/wp\/v2\/product_cat?post=2920"},{"taxonomy":"product_tag","embeddable":true,"href":"https:\/\/eltiosam.com.mx\/index.php\/wp-json\/wp\/v2\/product_tag?post=2920"}],"curies":[{"name":"wp","href":"https:\/\/api.w.org\/{rel}","templated":true}]}}