{"id":2812,"date":"2023-11-15T21:51:14","date_gmt":"2023-11-15T21:51:14","guid":{"rendered":"http:\/\/eltiosam.com.mx\/index.php\/product\/microondas-ge-1-4p3-jes14w\/"},"modified":"2024-02-20T21:25:15","modified_gmt":"2024-02-20T21:25:15","slug":"microondas-ge-1-4p3-jes14w","status":"publish","type":"product","link":"https:\/\/eltiosam.com.mx\/index.php\/product\/microondas-ge-1-4p3-jes14w\/","title":{"rendered":"MICROONDAS GE 1.4p3 JES14W"},"content":{"rendered":"<h3><strong>Descripci\u00f3n<\/strong><\/h3>\n<p>Con solo un bot\u00f3n puedes descongelar o calentar tus alimentos de manera r\u00e1pida. Cuenta con 10 niveles de potencia para calentar tus alimentos. Su panel de control digital te permite activar todas sus funciones.<\/p>\n","protected":false},"excerpt":{"rendered":"<p>Descripci\u00f3n Con solo un bot\u00f3n puedes descongelar o calentar tus alimentos de manera r\u00e1pida. Cuenta con 10 niveles de potencia para calentar tus alimentos. Su panel de control digital te permite activar todas sus funciones.<\/p>\n","protected":false},"featured_media":4742,"template":"","meta":{"_joinchat":[]},"product_brand":[],"product_cat":[161,29,184],"product_tag":[57],"class_list":{"0":"post-2812","1":"product","2":"type-product","3":"status-publish","4":"has-post-thumbnail","6":"product_cat-best-selling-products","7":"product_cat-coccion","8":"product_cat-microondas","9":"product_tag-ge","11":"first","12":"outofstock","13":"shipping-taxable","14":"purchasable","15":"product-type-simple"},"_links":{"self":[{"href":"https:\/\/eltiosam.com.mx\/index.php\/wp-json\/wp\/v2\/product\/2812","targetHints":{"allow":["GET"]}}],"collection":[{"href":"https:\/\/eltiosam.com.mx\/index.php\/wp-json\/wp\/v2\/product"}],"about":[{"href":"https:\/\/eltiosam.com.mx\/index.php\/wp-json\/wp\/v2\/types\/product"}],"wp:featuredmedia":[{"embeddable":true,"href":"https:\/\/eltiosam.com.mx\/index.php\/wp-json\/wp\/v2\/media\/4742"}],"wp:attachment":[{"href":"https:\/\/eltiosam.com.mx\/index.php\/wp-json\/wp\/v2\/media?parent=2812"}],"wp:term":[{"taxonomy":"product_brand","embeddable":true,"href":"https:\/\/eltiosam.com.mx\/index.php\/wp-json\/wp\/v2\/product_brand?post=2812"},{"taxonomy":"product_cat","embeddable":true,"href":"https:\/\/eltiosam.com.mx\/index.php\/wp-json\/wp\/v2\/product_cat?post=2812"},{"taxonomy":"product_tag","embeddable":true,"href":"https:\/\/eltiosam.com.mx\/index.php\/wp-json\/wp\/v2\/product_tag?post=2812"}],"curies":[{"name":"wp","href":"https:\/\/api.w.org\/{rel}","templated":true}]}}