{"id":2805,"date":"2023-11-15T21:51:13","date_gmt":"2023-11-15T21:51:13","guid":{"rendered":"http:\/\/eltiosam.com.mx\/index.php\/product\/microondas-ge-1-1p3-jes11w\/"},"modified":"2024-02-20T21:22:48","modified_gmt":"2024-02-20T21:22:48","slug":"microondas-ge-1-1p3-jes11w","status":"publish","type":"product","link":"https:\/\/eltiosam.com.mx\/index.php\/product\/microondas-ge-1-1p3-jes11w\/","title":{"rendered":"MICROONDAS GE 1.1p3 JES11W"},"content":{"rendered":"<div class=\"flex-1 overflow-hidden\">\n<div class=\"react-scroll-to-bottom--css-oofsc-79elbk h-full\">\n<div class=\"react-scroll-to-bottom--css-oofsc-1n7m0yu\">\n<div class=\"flex flex-col pb-9 text-sm\">\n<div class=\"w-full text-token-text-primary\" data-testid=\"conversation-turn-57\">\n<div class=\"px-4 py-2 justify-center text-base md:gap-6 m-auto\">\n<div class=\"flex flex-1 text-base mx-auto gap-3 md:px-5 lg:px-1 xl:px-5 md:max-w-3xl lg:max-w-[40rem] xl:max-w-[48rem] group final-completion\">\n<div class=\"relative flex w-full flex-col lg:w-[calc(100%-115px)] agent-turn\">\n<div class=\"flex-col gap-1 md:gap-3\">\n<div class=\"flex flex-grow flex-col max-w-full\">\n<div class=\"min-h-[20px] text-message flex flex-col items-start gap-3 whitespace-pre-wrap break-words [.text-message+&amp;]:mt-5 overflow-x-auto\" data-message-author-role=\"assistant\" data-message-id=\"edddbc9a-41f9-4ae7-bfd2-28f391a8df5c\">\n<div class=\"markdown prose w-full break-words dark:prose-invert light\">\n<p><strong>Descripci\u00f3n:<\/strong><\/p>\n<p>Este Microondas GE JES11W ofrece comodidad y versatilidad en su uso diario. La funci\u00f3n de descongelar con un solo bot\u00f3n facilita el proceso de preparaci\u00f3n de alimentos. Su control digital permite activar el seguro para ni\u00f1os, acceder a funciones r\u00e1pidas y personalizar las combinaciones de cocci\u00f3n seg\u00fan tus preferencias. Con 10 niveles de potencia y 6 selecciones r\u00e1pidas, este microondas proporciona opciones para adaptarse a diferentes necesidades. Su dise\u00f1o push bottom facilita la apertura. Con una capacidad de 1.1 Cuft, es adecuado para diversas tareas de cocina. Adem\u00e1s, el bloqueo de seguridad y la garant\u00eda de 1 a\u00f1o a\u00f1aden un elemento adicional de tranquilidad.<\/p>\n<\/div>\n<\/div>\n<\/div>\n<\/div>\n<\/div>\n<\/div>\n<\/div>\n<\/div>\n<\/div>\n<\/div>\n<\/div>\n<\/div>\n","protected":false},"excerpt":{"rendered":"<p>Descripci\u00f3n: Este Microondas GE JES11W ofrece comodidad y versatilidad en su uso diario. La funci\u00f3n de descongelar con un solo bot\u00f3n facilita el proceso de preparaci\u00f3n de alimentos. Su control digital permite activar el seguro para ni\u00f1os, acceder a funciones r\u00e1pidas y personalizar las combinaciones de cocci\u00f3n seg\u00fan tus preferencias. Con 10 niveles de potencia [&hellip;]<\/p>\n","protected":false},"featured_media":4740,"template":"","meta":{"_joinchat":[]},"product_brand":[],"product_cat":[161,29,184],"product_tag":[57],"class_list":{"0":"post-2805","1":"product","2":"type-product","3":"status-publish","4":"has-post-thumbnail","6":"product_cat-best-selling-products","7":"product_cat-coccion","8":"product_cat-microondas","9":"product_tag-ge","11":"first","12":"outofstock","13":"shipping-taxable","14":"purchasable","15":"product-type-simple"},"_links":{"self":[{"href":"https:\/\/eltiosam.com.mx\/index.php\/wp-json\/wp\/v2\/product\/2805","targetHints":{"allow":["GET"]}}],"collection":[{"href":"https:\/\/eltiosam.com.mx\/index.php\/wp-json\/wp\/v2\/product"}],"about":[{"href":"https:\/\/eltiosam.com.mx\/index.php\/wp-json\/wp\/v2\/types\/product"}],"wp:featuredmedia":[{"embeddable":true,"href":"https:\/\/eltiosam.com.mx\/index.php\/wp-json\/wp\/v2\/media\/4740"}],"wp:attachment":[{"href":"https:\/\/eltiosam.com.mx\/index.php\/wp-json\/wp\/v2\/media?parent=2805"}],"wp:term":[{"taxonomy":"product_brand","embeddable":true,"href":"https:\/\/eltiosam.com.mx\/index.php\/wp-json\/wp\/v2\/product_brand?post=2805"},{"taxonomy":"product_cat","embeddable":true,"href":"https:\/\/eltiosam.com.mx\/index.php\/wp-json\/wp\/v2\/product_cat?post=2805"},{"taxonomy":"product_tag","embeddable":true,"href":"https:\/\/eltiosam.com.mx\/index.php\/wp-json\/wp\/v2\/product_tag?post=2805"}],"curies":[{"name":"wp","href":"https:\/\/api.w.org\/{rel}","templated":true}]}}