{"id":2799,"date":"2023-11-15T21:51:11","date_gmt":"2023-11-15T21:51:11","guid":{"rendered":"http:\/\/eltiosam.com.mx\/index.php\/product\/microondas-bimwo30lne\/"},"modified":"2024-02-21T01:00:54","modified_gmt":"2024-02-21T01:00:54","slug":"microondas-bimwo30lne","status":"publish","type":"product","link":"https:\/\/eltiosam.com.mx\/index.php\/product\/microondas-bimwo30lne\/","title":{"rendered":"Microondas Tecnolam BIMWO30LNE"},"content":{"rendered":"<p><strong>Descripci\u00f3n:<\/strong><\/p>\n<p>Este microondas es adecuado para quienes buscan un electrodom\u00e9stico que combine funcionalidad, dise\u00f1o moderno y opciones de cocci\u00f3n vers\u00e1tiles para facilitar la preparaci\u00f3n de una variedad de platillos\u200b\u200b\u200b\u200b\u200b\u200b.<\/p>\n","protected":false},"excerpt":{"rendered":"<p>Descripci\u00f3n: Este microondas es adecuado para quienes buscan un electrodom\u00e9stico que combine funcionalidad, dise\u00f1o moderno y opciones de cocci\u00f3n vers\u00e1tiles para facilitar la preparaci\u00f3n de una variedad de platillos\u200b\u200b\u200b\u200b\u200b\u200b.<\/p>\n","protected":false},"featured_media":4738,"template":"","meta":{"_joinchat":[]},"product_brand":[],"product_cat":[161,29,184],"product_tag":[30],"class_list":{"0":"post-2799","1":"product","2":"type-product","3":"status-publish","4":"has-post-thumbnail","6":"product_cat-best-selling-products","7":"product_cat-coccion","8":"product_cat-microondas","9":"product_tag-tecnolam","11":"first","12":"outofstock","13":"shipping-taxable","14":"purchasable","15":"product-type-simple"},"_links":{"self":[{"href":"https:\/\/eltiosam.com.mx\/index.php\/wp-json\/wp\/v2\/product\/2799","targetHints":{"allow":["GET"]}}],"collection":[{"href":"https:\/\/eltiosam.com.mx\/index.php\/wp-json\/wp\/v2\/product"}],"about":[{"href":"https:\/\/eltiosam.com.mx\/index.php\/wp-json\/wp\/v2\/types\/product"}],"wp:featuredmedia":[{"embeddable":true,"href":"https:\/\/eltiosam.com.mx\/index.php\/wp-json\/wp\/v2\/media\/4738"}],"wp:attachment":[{"href":"https:\/\/eltiosam.com.mx\/index.php\/wp-json\/wp\/v2\/media?parent=2799"}],"wp:term":[{"taxonomy":"product_brand","embeddable":true,"href":"https:\/\/eltiosam.com.mx\/index.php\/wp-json\/wp\/v2\/product_brand?post=2799"},{"taxonomy":"product_cat","embeddable":true,"href":"https:\/\/eltiosam.com.mx\/index.php\/wp-json\/wp\/v2\/product_cat?post=2799"},{"taxonomy":"product_tag","embeddable":true,"href":"https:\/\/eltiosam.com.mx\/index.php\/wp-json\/wp\/v2\/product_tag?post=2799"}],"curies":[{"name":"wp","href":"https:\/\/api.w.org\/{rel}","templated":true}]}}