{"id":2789,"date":"2023-11-15T21:51:08","date_gmt":"2023-11-15T21:51:08","guid":{"rendered":"http:\/\/eltiosam.com.mx\/index.php\/product\/microondasmabe-1-4p3-hmm114sej\/"},"modified":"2024-02-21T00:50:42","modified_gmt":"2024-02-21T00:50:42","slug":"microondasmabe-1-4p3-hmm114sej","status":"publish","type":"product","link":"https:\/\/eltiosam.com.mx\/index.php\/product\/microondasmabe-1-4p3-hmm114sej\/","title":{"rendered":"MICROONDAS MABE 1.4p3 HMM114SEJ"},"content":{"rendered":"<p><strong>Descripci\u00f3n:<\/strong><\/p>\n<p>Este Microondas Mabe HMM114SEJ cuenta con una amplia capacidad de 1.4 pies c\u00fabicos, potencia de 2000 watts y funciones programables. Su dise\u00f1o en espejo y acero inoxidable lo hace elegante y funcional para cualquier cocina. Ofrece caracter\u00edsticas como bloqueo de seguridad, aviso de ciclo finalizado, y m\u00faltiples selecciones r\u00e1pidas para facilitar la preparaci\u00f3n de alimentos. Con su apagado autom\u00e1tico y temporizador, proporciona conveniencia y seguridad en su uso diario.<\/p>\n","protected":false},"excerpt":{"rendered":"<p>Descripci\u00f3n: Este Microondas Mabe HMM114SEJ cuenta con una amplia capacidad de 1.4 pies c\u00fabicos, potencia de 2000 watts y funciones programables. Su dise\u00f1o en espejo y acero inoxidable lo hace elegante y funcional para cualquier cocina. Ofrece caracter\u00edsticas como bloqueo de seguridad, aviso de ciclo finalizado, y m\u00faltiples selecciones r\u00e1pidas para facilitar la preparaci\u00f3n de [&hellip;]<\/p>\n","protected":false},"featured_media":4733,"template":"","meta":{"_joinchat":[]},"product_brand":[],"product_cat":[161,29,184],"product_tag":[21],"class_list":{"0":"post-2789","1":"product","2":"type-product","3":"status-publish","4":"has-post-thumbnail","6":"product_cat-best-selling-products","7":"product_cat-coccion","8":"product_cat-microondas","9":"product_tag-mabe","11":"first","12":"outofstock","13":"shipping-taxable","14":"purchasable","15":"product-type-simple"},"_links":{"self":[{"href":"https:\/\/eltiosam.com.mx\/index.php\/wp-json\/wp\/v2\/product\/2789","targetHints":{"allow":["GET"]}}],"collection":[{"href":"https:\/\/eltiosam.com.mx\/index.php\/wp-json\/wp\/v2\/product"}],"about":[{"href":"https:\/\/eltiosam.com.mx\/index.php\/wp-json\/wp\/v2\/types\/product"}],"wp:featuredmedia":[{"embeddable":true,"href":"https:\/\/eltiosam.com.mx\/index.php\/wp-json\/wp\/v2\/media\/4733"}],"wp:attachment":[{"href":"https:\/\/eltiosam.com.mx\/index.php\/wp-json\/wp\/v2\/media?parent=2789"}],"wp:term":[{"taxonomy":"product_brand","embeddable":true,"href":"https:\/\/eltiosam.com.mx\/index.php\/wp-json\/wp\/v2\/product_brand?post=2789"},{"taxonomy":"product_cat","embeddable":true,"href":"https:\/\/eltiosam.com.mx\/index.php\/wp-json\/wp\/v2\/product_cat?post=2789"},{"taxonomy":"product_tag","embeddable":true,"href":"https:\/\/eltiosam.com.mx\/index.php\/wp-json\/wp\/v2\/product_tag?post=2789"}],"curies":[{"name":"wp","href":"https:\/\/api.w.org\/{rel}","templated":true}]}}