{"id":2746,"date":"2023-11-15T21:50:57","date_gmt":"2023-11-15T21:50:57","guid":{"rendered":"http:\/\/eltiosam.com.mx\/index.php\/product\/mezcladora-teka-pro-giratorio-cromo\/"},"modified":"2024-02-20T20:56:40","modified_gmt":"2024-02-20T20:56:40","slug":"mezcladora-teka-pro-giratorio-cromo","status":"publish","type":"product","link":"https:\/\/eltiosam.com.mx\/index.php\/product\/mezcladora-teka-pro-giratorio-cromo\/","title":{"rendered":"MEZCLADORA TEKA PRO GIRATORIO CROMO"},"content":{"rendered":"<div class=\"flex-1 overflow-hidden\">\n<div class=\"react-scroll-to-bottom--css-tymmi-79elbk h-full\">\n<div class=\"react-scroll-to-bottom--css-tymmi-1n7m0yu\">\n<div class=\"flex flex-col pb-9 text-sm\">\n<div class=\"w-full text-token-text-primary\" data-testid=\"conversation-turn-45\">\n<div class=\"px-4 py-2 justify-center text-base md:gap-6 m-auto\">\n<div class=\"flex flex-1 text-base mx-auto gap-3 md:px-5 lg:px-1 xl:px-5 md:max-w-3xl lg:max-w-[40rem] xl:max-w-[48rem] group final-completion\">\n<div class=\"relative flex w-full flex-col lg:w-[calc(100%-115px)] agent-turn\">\n<div class=\"flex-col gap-1 md:gap-3\">\n<div class=\"flex flex-grow flex-col max-w-full\">\n<div class=\"min-h-[20px] text-message flex flex-col items-start gap-3 whitespace-pre-wrap break-words [.text-message+&amp;]:mt-5 overflow-x-auto\" data-message-author-role=\"assistant\" data-message-id=\"56a38270-c1c4-4947-99f8-3003b8feed24\">\n<div class=\"markdown prose w-full break-words dark:prose-invert light\">\n<p><strong>Descripci\u00f3n del Producto:<\/strong><\/p>\n<p>La Mezcladora TEKA PRO GIRATORIO CROMO es una opci\u00f3n moderna y funcional para tu cocina, dise\u00f1ada para ofrecer un rendimiento \u00f3ptimo y un estilo elegante.<\/p>\n<p>El acabado en cromo a\u00f1ade un toque de modernidad y brillo a tu espacio culinario. Equipada con un aireador anticalc\u00e1reo integrado, esta mezcladora mejora la calidad del agua y prolonga la vida \u00fatil del grifo.<\/p>\n<\/div>\n<\/div>\n<\/div>\n<\/div>\n<\/div>\n<\/div>\n<\/div>\n<\/div>\n<\/div>\n<\/div>\n<\/div>\n<\/div>\n","protected":false},"excerpt":{"rendered":"<p>Descripci\u00f3n del Producto: La Mezcladora TEKA PRO GIRATORIO CROMO es una opci\u00f3n moderna y funcional para tu cocina, dise\u00f1ada para ofrecer un rendimiento \u00f3ptimo y un estilo elegante. El acabado en cromo a\u00f1ade un toque de modernidad y brillo a tu espacio culinario. Equipada con un aireador anticalc\u00e1reo integrado, esta mezcladora mejora la calidad del [&hellip;]<\/p>\n","protected":false},"featured_media":4722,"template":"","meta":{"_joinchat":[]},"product_brand":[],"product_cat":[161,183,42],"product_tag":[106],"class_list":{"0":"post-2746","1":"product","2":"type-product","3":"status-publish","4":"has-post-thumbnail","6":"product_cat-best-selling-products","7":"product_cat-mezcladoras","8":"product_cat-varios","9":"product_tag-teka","11":"first","12":"outofstock","13":"shipping-taxable","14":"purchasable","15":"product-type-simple"},"_links":{"self":[{"href":"https:\/\/eltiosam.com.mx\/index.php\/wp-json\/wp\/v2\/product\/2746","targetHints":{"allow":["GET"]}}],"collection":[{"href":"https:\/\/eltiosam.com.mx\/index.php\/wp-json\/wp\/v2\/product"}],"about":[{"href":"https:\/\/eltiosam.com.mx\/index.php\/wp-json\/wp\/v2\/types\/product"}],"wp:featuredmedia":[{"embeddable":true,"href":"https:\/\/eltiosam.com.mx\/index.php\/wp-json\/wp\/v2\/media\/4722"}],"wp:attachment":[{"href":"https:\/\/eltiosam.com.mx\/index.php\/wp-json\/wp\/v2\/media?parent=2746"}],"wp:term":[{"taxonomy":"product_brand","embeddable":true,"href":"https:\/\/eltiosam.com.mx\/index.php\/wp-json\/wp\/v2\/product_brand?post=2746"},{"taxonomy":"product_cat","embeddable":true,"href":"https:\/\/eltiosam.com.mx\/index.php\/wp-json\/wp\/v2\/product_cat?post=2746"},{"taxonomy":"product_tag","embeddable":true,"href":"https:\/\/eltiosam.com.mx\/index.php\/wp-json\/wp\/v2\/product_tag?post=2746"}],"curies":[{"name":"wp","href":"https:\/\/api.w.org\/{rel}","templated":true}]}}