{"id":2745,"date":"2023-11-15T21:50:56","date_gmt":"2023-11-15T21:50:56","guid":{"rendered":"http:\/\/eltiosam.com.mx\/index.php\/product\/mezcladora-teka-opera-ico-915-b\/"},"modified":"2024-02-20T20:53:22","modified_gmt":"2024-02-20T20:53:22","slug":"mezcladora-teka-opera-ico-915-b","status":"publish","type":"product","link":"https:\/\/eltiosam.com.mx\/index.php\/product\/mezcladora-teka-opera-ico-915-b\/","title":{"rendered":"MEZCLADORA TEKA OPERA ICO 915 B"},"content":{"rendered":"<p><strong>Descripci\u00f3n:<\/strong><\/p>\n<p>La Mezcladora Teka Opera ICO 915 B es un monomando de cocina que presenta un revolucionario concepto de ca\u00f1o abierto, aportando un dise\u00f1o moderno y funcional a tu espacio culinario.<\/p>\n<p>El ca\u00f1o giratorio ofrece una mayor flexibilidad y facilidad de uso en las tareas diarias. Con 5 aireadores anti-calc\u00e1reos integrados en el ca\u00f1o, esta mezcladora mejora la calidad del agua y prolonga la vida \u00fatil del grifo.<\/p>\n<p>&nbsp;<\/p>\n","protected":false},"excerpt":{"rendered":"<p>Descripci\u00f3n: La Mezcladora Teka Opera ICO 915 B es un monomando de cocina que presenta un revolucionario concepto de ca\u00f1o abierto, aportando un dise\u00f1o moderno y funcional a tu espacio culinario. El ca\u00f1o giratorio ofrece una mayor flexibilidad y facilidad de uso en las tareas diarias. Con 5 aireadores anti-calc\u00e1reos integrados en el ca\u00f1o, esta [&hellip;]<\/p>\n","protected":false},"featured_media":4720,"template":"","meta":{"_joinchat":[]},"product_brand":[],"product_cat":[161,183,42],"product_tag":[106],"class_list":{"0":"post-2745","1":"product","2":"type-product","3":"status-publish","4":"has-post-thumbnail","6":"product_cat-best-selling-products","7":"product_cat-mezcladoras","8":"product_cat-varios","9":"product_tag-teka","11":"first","12":"outofstock","13":"shipping-taxable","14":"purchasable","15":"product-type-simple"},"_links":{"self":[{"href":"https:\/\/eltiosam.com.mx\/index.php\/wp-json\/wp\/v2\/product\/2745","targetHints":{"allow":["GET"]}}],"collection":[{"href":"https:\/\/eltiosam.com.mx\/index.php\/wp-json\/wp\/v2\/product"}],"about":[{"href":"https:\/\/eltiosam.com.mx\/index.php\/wp-json\/wp\/v2\/types\/product"}],"wp:featuredmedia":[{"embeddable":true,"href":"https:\/\/eltiosam.com.mx\/index.php\/wp-json\/wp\/v2\/media\/4720"}],"wp:attachment":[{"href":"https:\/\/eltiosam.com.mx\/index.php\/wp-json\/wp\/v2\/media?parent=2745"}],"wp:term":[{"taxonomy":"product_brand","embeddable":true,"href":"https:\/\/eltiosam.com.mx\/index.php\/wp-json\/wp\/v2\/product_brand?post=2745"},{"taxonomy":"product_cat","embeddable":true,"href":"https:\/\/eltiosam.com.mx\/index.php\/wp-json\/wp\/v2\/product_cat?post=2745"},{"taxonomy":"product_tag","embeddable":true,"href":"https:\/\/eltiosam.com.mx\/index.php\/wp-json\/wp\/v2\/product_tag?post=2745"}],"curies":[{"name":"wp","href":"https:\/\/api.w.org\/{rel}","templated":true}]}}