{"id":2721,"date":"2023-11-15T21:50:48","date_gmt":"2023-11-15T21:50:48","guid":{"rendered":"http:\/\/eltiosam.com.mx\/index.php\/product\/mezcladora-teka-fo-999\/"},"modified":"2024-01-12T17:00:55","modified_gmt":"2024-01-12T17:00:55","slug":"mezcladora-teka-fo-999","status":"publish","type":"product","link":"https:\/\/eltiosam.com.mx\/index.php\/product\/mezcladora-teka-fo-999\/","title":{"rendered":"MEZCLADORA TEKA FO 999"},"content":{"rendered":"<h3>Tu fregadero se convertir\u00e1 en toda una obra de arte \/ Elegancia y funcionalidad marcan la diferencia<\/h3>\n<p>Dise\u00f1o elegante en acero inoxidable de primera calidad, para brindar un elemento de elegancia y sofisticaci\u00f3n a tu encimera.<\/p>\n<h3>M\u00faltiples posibilidades de instalaci\u00f3n<\/h3>\n<p>Posibilita dos opciones diferentes de instalaci\u00f3n, para adaptar el fregadero a la posici\u00f3n que mejor encaje en el dise\u00f1o de tu cocina<\/p>\n<h3>Fregaderos con 75 a\u00f1os de garant\u00eda<\/h3>\n<p>Fabricados con material de la mayor durabilidad, y sometidos a infinidad de test de resistencia, para alcanzar un producto de calidad inigualable. Estamos tan seguros de ello, que ofrecemos 75 a\u00f1os de garant\u00eda en el producto.<\/p>\n<h3>Sus materiales marcan la diferencia<\/h3>\n<p>Resistentes a rayaduras y altos cambios de temperaturas, para garantizar su durabilidad y resistencia en todo tipo de hogares y condiciones.<\/p>\n<ul>\n<li>Acabado: Cromo extreme glow<\/li>\n<li>Ca\u00f1o giratorio y flexible<\/li>\n<li>Aireador anti-cal<\/li>\n<li>Maneral extra\u00edble con 1 funci\u00f3n: chorro<\/li>\n<li>Mangueras flexibles de alimentaci\u00f3n incluidas<\/li>\n<li>Cartucho cer\u00e1mico de gran duraci\u00f3n<\/li>\n<li>Presi\u00f3n de funcionamiento: 1 \u2013 10 bar (kg\/cm )<\/li>\n<li>Presi\u00f3n de funcionamiento recomendada: 2 -5 bar (kg\/cm )<\/li>\n<li>Temperatura recomendada del agua caliente: 45 \u02daC \u2013 65 \u02daC<\/li>\n<li>Temperatura m\u00e1xima del agua caliente: 90\u02daC<\/li>\n<li>Peso neto: 2.6 kg<\/li>\n<\/ul>\n","protected":false},"excerpt":{"rendered":"<p>Tu fregadero se convertir\u00e1 en toda una obra de arte \/ Elegancia y funcionalidad marcan la diferencia Dise\u00f1o elegante en acero inoxidable de primera calidad, para brindar un elemento de elegancia y sofisticaci\u00f3n a tu encimera. M\u00faltiples posibilidades de instalaci\u00f3n Posibilita dos opciones diferentes de instalaci\u00f3n, para adaptar el fregadero a la posici\u00f3n que mejor [&hellip;]<\/p>\n","protected":false},"featured_media":4712,"template":"","meta":{"_joinchat":[]},"product_brand":[],"product_cat":[161,183,42],"product_tag":[106],"class_list":{"0":"post-2721","1":"product","2":"type-product","3":"status-publish","4":"has-post-thumbnail","6":"product_cat-best-selling-products","7":"product_cat-mezcladoras","8":"product_cat-varios","9":"product_tag-teka","11":"first","12":"outofstock","13":"shipping-taxable","14":"purchasable","15":"product-type-simple"},"_links":{"self":[{"href":"https:\/\/eltiosam.com.mx\/index.php\/wp-json\/wp\/v2\/product\/2721","targetHints":{"allow":["GET"]}}],"collection":[{"href":"https:\/\/eltiosam.com.mx\/index.php\/wp-json\/wp\/v2\/product"}],"about":[{"href":"https:\/\/eltiosam.com.mx\/index.php\/wp-json\/wp\/v2\/types\/product"}],"wp:featuredmedia":[{"embeddable":true,"href":"https:\/\/eltiosam.com.mx\/index.php\/wp-json\/wp\/v2\/media\/4712"}],"wp:attachment":[{"href":"https:\/\/eltiosam.com.mx\/index.php\/wp-json\/wp\/v2\/media?parent=2721"}],"wp:term":[{"taxonomy":"product_brand","embeddable":true,"href":"https:\/\/eltiosam.com.mx\/index.php\/wp-json\/wp\/v2\/product_brand?post=2721"},{"taxonomy":"product_cat","embeddable":true,"href":"https:\/\/eltiosam.com.mx\/index.php\/wp-json\/wp\/v2\/product_cat?post=2721"},{"taxonomy":"product_tag","embeddable":true,"href":"https:\/\/eltiosam.com.mx\/index.php\/wp-json\/wp\/v2\/product_tag?post=2721"}],"curies":[{"name":"wp","href":"https:\/\/api.w.org\/{rel}","templated":true}]}}