{"id":2685,"date":"2023-11-15T21:50:42","date_gmt":"2023-11-15T21:50:42","guid":{"rendered":"http:\/\/eltiosam.com.mx\/index.php\/product\/mezcladora-teka-ark-938-i\/"},"modified":"2024-02-20T18:50:56","modified_gmt":"2024-02-20T18:50:56","slug":"mezcladora-teka-ark-938-i","status":"publish","type":"product","link":"https:\/\/eltiosam.com.mx\/index.php\/product\/mezcladora-teka-ark-938-i\/","title":{"rendered":"MEZCLADORA TEKA ARK 938 I"},"content":{"rendered":"<p><strong>Descripci\u00f3n:<\/strong><\/p>\n<p>La Mezcladora TEKA ARK 938 I combina funcionalidad y estilo con un dise\u00f1o cuidadosamente pensado. El acabado tipo acero inoxidable no solo proporciona durabilidad sino que tambi\u00e9n a\u00f1ade un toque moderno y elegante a tu cocina.<\/p>\n<p>Con un ca\u00f1o giratorio, esta mezcladora permite una mayor flexibilidad en el uso diario. El aireador anti-cal garantiza un flujo de agua suave y libre de impurezas, mejorando la experiencia de uso.<\/p>\n","protected":false},"excerpt":{"rendered":"<p>Descripci\u00f3n: La Mezcladora TEKA ARK 938 I combina funcionalidad y estilo con un dise\u00f1o cuidadosamente pensado. El acabado tipo acero inoxidable no solo proporciona durabilidad sino que tambi\u00e9n a\u00f1ade un toque moderno y elegante a tu cocina. Con un ca\u00f1o giratorio, esta mezcladora permite una mayor flexibilidad en el uso diario. El aireador anti-cal garantiza [&hellip;]<\/p>\n","protected":false},"featured_media":4707,"template":"","meta":{"_joinchat":[]},"product_brand":[],"product_cat":[161,183,42],"product_tag":[106],"class_list":{"0":"post-2685","1":"product","2":"type-product","3":"status-publish","4":"has-post-thumbnail","6":"product_cat-best-selling-products","7":"product_cat-mezcladoras","8":"product_cat-varios","9":"product_tag-teka","11":"first","12":"outofstock","13":"shipping-taxable","14":"purchasable","15":"product-type-simple"},"_links":{"self":[{"href":"https:\/\/eltiosam.com.mx\/index.php\/wp-json\/wp\/v2\/product\/2685","targetHints":{"allow":["GET"]}}],"collection":[{"href":"https:\/\/eltiosam.com.mx\/index.php\/wp-json\/wp\/v2\/product"}],"about":[{"href":"https:\/\/eltiosam.com.mx\/index.php\/wp-json\/wp\/v2\/types\/product"}],"wp:featuredmedia":[{"embeddable":true,"href":"https:\/\/eltiosam.com.mx\/index.php\/wp-json\/wp\/v2\/media\/4707"}],"wp:attachment":[{"href":"https:\/\/eltiosam.com.mx\/index.php\/wp-json\/wp\/v2\/media?parent=2685"}],"wp:term":[{"taxonomy":"product_brand","embeddable":true,"href":"https:\/\/eltiosam.com.mx\/index.php\/wp-json\/wp\/v2\/product_brand?post=2685"},{"taxonomy":"product_cat","embeddable":true,"href":"https:\/\/eltiosam.com.mx\/index.php\/wp-json\/wp\/v2\/product_cat?post=2685"},{"taxonomy":"product_tag","embeddable":true,"href":"https:\/\/eltiosam.com.mx\/index.php\/wp-json\/wp\/v2\/product_tag?post=2685"}],"curies":[{"name":"wp","href":"https:\/\/api.w.org\/{rel}","templated":true}]}}