{"id":2583,"date":"2023-11-15T21:50:23","date_gmt":"2023-11-15T21:50:23","guid":{"rendered":"http:\/\/eltiosam.com.mx\/index.php\/product\/mezcladora-eclipse-ks3034\/"},"modified":"2024-02-19T22:10:13","modified_gmt":"2024-02-19T22:10:13","slug":"mezcladora-eclipse-ks3034","status":"publish","type":"product","link":"https:\/\/eltiosam.com.mx\/index.php\/product\/mezcladora-eclipse-ks3034\/","title":{"rendered":"MEZCLADORA ECLIPSE KS3034"},"content":{"rendered":"<p><strong>Descripci\u00f3n:<\/strong><\/p>\n<p>La Mezcladora Eclipse KS3034 redefine la funcionalidad y el estilo en la cocina con su dise\u00f1o distintivo. Construida en 100% acero inoxidable con un di\u00e1metro de 1.22 pulgadas, esta llave para cocina no solo garantiza durabilidad sino que tambi\u00e9n a\u00f1ade un toque moderno.<\/p>\n","protected":false},"excerpt":{"rendered":"<p>Descripci\u00f3n: La Mezcladora Eclipse KS3034 redefine la funcionalidad y el estilo en la cocina con su dise\u00f1o distintivo. Construida en 100% acero inoxidable con un di\u00e1metro de 1.22 pulgadas, esta llave para cocina no solo garantiza durabilidad sino que tambi\u00e9n a\u00f1ade un toque moderno.<\/p>\n","protected":false},"featured_media":4684,"template":"","meta":{"_joinchat":[]},"product_brand":[],"product_cat":[161,183,42],"product_tag":[48],"class_list":{"0":"post-2583","1":"product","2":"type-product","3":"status-publish","4":"has-post-thumbnail","6":"product_cat-best-selling-products","7":"product_cat-mezcladoras","8":"product_cat-varios","9":"product_tag-eclipse","11":"first","12":"outofstock","13":"shipping-taxable","14":"purchasable","15":"product-type-simple"},"_links":{"self":[{"href":"https:\/\/eltiosam.com.mx\/index.php\/wp-json\/wp\/v2\/product\/2583","targetHints":{"allow":["GET"]}}],"collection":[{"href":"https:\/\/eltiosam.com.mx\/index.php\/wp-json\/wp\/v2\/product"}],"about":[{"href":"https:\/\/eltiosam.com.mx\/index.php\/wp-json\/wp\/v2\/types\/product"}],"wp:featuredmedia":[{"embeddable":true,"href":"https:\/\/eltiosam.com.mx\/index.php\/wp-json\/wp\/v2\/media\/4684"}],"wp:attachment":[{"href":"https:\/\/eltiosam.com.mx\/index.php\/wp-json\/wp\/v2\/media?parent=2583"}],"wp:term":[{"taxonomy":"product_brand","embeddable":true,"href":"https:\/\/eltiosam.com.mx\/index.php\/wp-json\/wp\/v2\/product_brand?post=2583"},{"taxonomy":"product_cat","embeddable":true,"href":"https:\/\/eltiosam.com.mx\/index.php\/wp-json\/wp\/v2\/product_cat?post=2583"},{"taxonomy":"product_tag","embeddable":true,"href":"https:\/\/eltiosam.com.mx\/index.php\/wp-json\/wp\/v2\/product_tag?post=2583"}],"curies":[{"name":"wp","href":"https:\/\/api.w.org\/{rel}","templated":true}]}}