{"id":2578,"date":"2023-11-15T21:50:22","date_gmt":"2023-11-15T21:50:22","guid":{"rendered":"http:\/\/eltiosam.com.mx\/index.php\/product\/mezcladora-eclipse-ks3033\/"},"modified":"2024-02-19T22:07:41","modified_gmt":"2024-02-19T22:07:41","slug":"mezcladora-eclipse-ks3033","status":"publish","type":"product","link":"https:\/\/eltiosam.com.mx\/index.php\/product\/mezcladora-eclipse-ks3033\/","title":{"rendered":"MEZCLADORA ECLIPSE KS3033"},"content":{"rendered":"<p><strong>Descripci\u00f3n:<\/strong><\/p>\n<p>La Mezcladora Eclipse KS3033 fusiona elegancia y rendimiento en una sola pieza para tu cocina. Construida en 100% acero inoxidable, esta llave ofrece durabilidad y resistencia a la corrosi\u00f3n, destacando por su capacidad para funcionar eficientemente tanto en condiciones de alta como baja presi\u00f3n, con una presi\u00f3n m\u00ednima de 700 grs\/m\u00b2.<\/p>\n","protected":false},"excerpt":{"rendered":"<p>Descripci\u00f3n: La Mezcladora Eclipse KS3033 fusiona elegancia y rendimiento en una sola pieza para tu cocina. Construida en 100% acero inoxidable, esta llave ofrece durabilidad y resistencia a la corrosi\u00f3n, destacando por su capacidad para funcionar eficientemente tanto en condiciones de alta como baja presi\u00f3n, con una presi\u00f3n m\u00ednima de 700 grs\/m\u00b2.<\/p>\n","protected":false},"featured_media":4683,"template":"","meta":{"_joinchat":[]},"product_brand":[],"product_cat":[161,183,42],"product_tag":[48],"class_list":{"0":"post-2578","1":"product","2":"type-product","3":"status-publish","4":"has-post-thumbnail","6":"product_cat-best-selling-products","7":"product_cat-mezcladoras","8":"product_cat-varios","9":"product_tag-eclipse","11":"first","12":"outofstock","13":"shipping-taxable","14":"purchasable","15":"product-type-simple"},"_links":{"self":[{"href":"https:\/\/eltiosam.com.mx\/index.php\/wp-json\/wp\/v2\/product\/2578","targetHints":{"allow":["GET"]}}],"collection":[{"href":"https:\/\/eltiosam.com.mx\/index.php\/wp-json\/wp\/v2\/product"}],"about":[{"href":"https:\/\/eltiosam.com.mx\/index.php\/wp-json\/wp\/v2\/types\/product"}],"wp:featuredmedia":[{"embeddable":true,"href":"https:\/\/eltiosam.com.mx\/index.php\/wp-json\/wp\/v2\/media\/4683"}],"wp:attachment":[{"href":"https:\/\/eltiosam.com.mx\/index.php\/wp-json\/wp\/v2\/media?parent=2578"}],"wp:term":[{"taxonomy":"product_brand","embeddable":true,"href":"https:\/\/eltiosam.com.mx\/index.php\/wp-json\/wp\/v2\/product_brand?post=2578"},{"taxonomy":"product_cat","embeddable":true,"href":"https:\/\/eltiosam.com.mx\/index.php\/wp-json\/wp\/v2\/product_cat?post=2578"},{"taxonomy":"product_tag","embeddable":true,"href":"https:\/\/eltiosam.com.mx\/index.php\/wp-json\/wp\/v2\/product_tag?post=2578"}],"curies":[{"name":"wp","href":"https:\/\/api.w.org\/{rel}","templated":true}]}}