{"id":2573,"date":"2023-11-15T21:50:20","date_gmt":"2023-11-15T21:50:20","guid":{"rendered":"http:\/\/eltiosam.com.mx\/index.php\/product\/mezcladora-eclipse-ks3032\/"},"modified":"2024-02-19T21:53:37","modified_gmt":"2024-02-19T21:53:37","slug":"mezcladora-eclipse-ks3032","status":"publish","type":"product","link":"https:\/\/eltiosam.com.mx\/index.php\/product\/mezcladora-eclipse-ks3032\/","title":{"rendered":"MEZCLADORA ECLIPSE KS3032"},"content":{"rendered":"<p><strong>Descripci\u00f3n:<\/strong><\/p>\n<p>La Mezcladora Eclipse KS3032 ofrece una combinaci\u00f3n de estilo y funcionalidad para tu cocina. Su construcci\u00f3n en 100% acero inoxidable garantiza durabilidad y resistencia, mientras que su dise\u00f1o vers\u00e1til permite un funcionamiento eficiente en condiciones de alta y baja presi\u00f3n, con una presi\u00f3n m\u00ednima de 700 grs\/m\u00b2.<\/p>\n<p>&nbsp;<\/p>\n","protected":false},"excerpt":{"rendered":"<p>Descripci\u00f3n: La Mezcladora Eclipse KS3032 ofrece una combinaci\u00f3n de estilo y funcionalidad para tu cocina. Su construcci\u00f3n en 100% acero inoxidable garantiza durabilidad y resistencia, mientras que su dise\u00f1o vers\u00e1til permite un funcionamiento eficiente en condiciones de alta y baja presi\u00f3n, con una presi\u00f3n m\u00ednima de 700 grs\/m\u00b2. &nbsp;<\/p>\n","protected":false},"featured_media":4680,"template":"","meta":{"_joinchat":[]},"product_brand":[],"product_cat":[161,183,42],"product_tag":[48],"class_list":{"0":"post-2573","1":"product","2":"type-product","3":"status-publish","4":"has-post-thumbnail","6":"product_cat-best-selling-products","7":"product_cat-mezcladoras","8":"product_cat-varios","9":"product_tag-eclipse","11":"first","12":"outofstock","13":"shipping-taxable","14":"purchasable","15":"product-type-simple"},"_links":{"self":[{"href":"https:\/\/eltiosam.com.mx\/index.php\/wp-json\/wp\/v2\/product\/2573","targetHints":{"allow":["GET"]}}],"collection":[{"href":"https:\/\/eltiosam.com.mx\/index.php\/wp-json\/wp\/v2\/product"}],"about":[{"href":"https:\/\/eltiosam.com.mx\/index.php\/wp-json\/wp\/v2\/types\/product"}],"wp:featuredmedia":[{"embeddable":true,"href":"https:\/\/eltiosam.com.mx\/index.php\/wp-json\/wp\/v2\/media\/4680"}],"wp:attachment":[{"href":"https:\/\/eltiosam.com.mx\/index.php\/wp-json\/wp\/v2\/media?parent=2573"}],"wp:term":[{"taxonomy":"product_brand","embeddable":true,"href":"https:\/\/eltiosam.com.mx\/index.php\/wp-json\/wp\/v2\/product_brand?post=2573"},{"taxonomy":"product_cat","embeddable":true,"href":"https:\/\/eltiosam.com.mx\/index.php\/wp-json\/wp\/v2\/product_cat?post=2573"},{"taxonomy":"product_tag","embeddable":true,"href":"https:\/\/eltiosam.com.mx\/index.php\/wp-json\/wp\/v2\/product_tag?post=2573"}],"curies":[{"name":"wp","href":"https:\/\/api.w.org\/{rel}","templated":true}]}}