{"id":2567,"date":"2023-11-15T21:50:19","date_gmt":"2023-11-15T21:50:19","guid":{"rendered":"http:\/\/eltiosam.com.mx\/index.php\/product\/mezcladora-eclipse-ks3031\/"},"modified":"2024-02-19T21:50:45","modified_gmt":"2024-02-19T21:50:45","slug":"mezcladora-eclipse-ks3031","status":"publish","type":"product","link":"https:\/\/eltiosam.com.mx\/index.php\/product\/mezcladora-eclipse-ks3031\/","title":{"rendered":"MEZCLADORA ECLIPSE KS3031"},"content":{"rendered":"<p><strong>Descripci\u00f3n:<\/strong><\/p>\n<ul>\n<li><strong>Marca<\/strong>: Eclipse<\/li>\n<li><strong>Modelo<\/strong>: KS 3031<\/li>\n<li><strong>Material<\/strong>: 100% acero inoxidable<\/li>\n<li><strong>Funcionamiento<\/strong>: Apta para alta y baja presi\u00f3n, con una presi\u00f3n m\u00ednima requerida de 700 grs\/cm\u00b2<\/li>\n<li><strong>Cartucho<\/strong>: Cer\u00e1mico<\/li>\n<li><strong>Acabado<\/strong>: Cepillado<\/li>\n<\/ul>\n","protected":false},"excerpt":{"rendered":"<p>Descripci\u00f3n: Marca: Eclipse Modelo: KS 3031 Material: 100% acero inoxidable Funcionamiento: Apta para alta y baja presi\u00f3n, con una presi\u00f3n m\u00ednima requerida de 700 grs\/cm\u00b2 Cartucho: Cer\u00e1mico Acabado: Cepillado<\/p>\n","protected":false},"featured_media":4679,"template":"","meta":{"_joinchat":[]},"product_brand":[],"product_cat":[161,183,42],"product_tag":[48],"class_list":{"0":"post-2567","1":"product","2":"type-product","3":"status-publish","4":"has-post-thumbnail","6":"product_cat-best-selling-products","7":"product_cat-mezcladoras","8":"product_cat-varios","9":"product_tag-eclipse","11":"first","12":"outofstock","13":"shipping-taxable","14":"purchasable","15":"product-type-simple"},"_links":{"self":[{"href":"https:\/\/eltiosam.com.mx\/index.php\/wp-json\/wp\/v2\/product\/2567","targetHints":{"allow":["GET"]}}],"collection":[{"href":"https:\/\/eltiosam.com.mx\/index.php\/wp-json\/wp\/v2\/product"}],"about":[{"href":"https:\/\/eltiosam.com.mx\/index.php\/wp-json\/wp\/v2\/types\/product"}],"wp:featuredmedia":[{"embeddable":true,"href":"https:\/\/eltiosam.com.mx\/index.php\/wp-json\/wp\/v2\/media\/4679"}],"wp:attachment":[{"href":"https:\/\/eltiosam.com.mx\/index.php\/wp-json\/wp\/v2\/media?parent=2567"}],"wp:term":[{"taxonomy":"product_brand","embeddable":true,"href":"https:\/\/eltiosam.com.mx\/index.php\/wp-json\/wp\/v2\/product_brand?post=2567"},{"taxonomy":"product_cat","embeddable":true,"href":"https:\/\/eltiosam.com.mx\/index.php\/wp-json\/wp\/v2\/product_cat?post=2567"},{"taxonomy":"product_tag","embeddable":true,"href":"https:\/\/eltiosam.com.mx\/index.php\/wp-json\/wp\/v2\/product_tag?post=2567"}],"curies":[{"name":"wp","href":"https:\/\/api.w.org\/{rel}","templated":true}]}}