{"id":2558,"date":"2023-11-15T21:50:17","date_gmt":"2023-11-15T21:50:17","guid":{"rendered":"http:\/\/eltiosam.com.mx\/index.php\/product\/mezcladora-eclipse-ks3029\/"},"modified":"2024-02-19T21:44:54","modified_gmt":"2024-02-19T21:44:54","slug":"mezcladora-eclipse-ks3029","status":"publish","type":"product","link":"https:\/\/eltiosam.com.mx\/index.php\/product\/mezcladora-eclipse-ks3029\/","title":{"rendered":"MEZCLADORA ECLIPSE KS3029"},"content":{"rendered":"<p><strong>Descripci\u00f3n:<\/strong><\/p>\n<p>La Mezcladora Eclipse KS3029 es la soluci\u00f3n perfecta para tu cocina, destacando por su construcci\u00f3n robusta en 100% acero inoxidable que garantiza durabilidad y resistencia a la corrosi\u00f3n. Con un dise\u00f1o funcional, opera eficientemente tanto en condiciones de alta como baja presi\u00f3n (m\u00ednimo 700 grs\/cm\u00b2), brindando versatilidad en su uso diario.<\/p>\n","protected":false},"excerpt":{"rendered":"<p>Descripci\u00f3n: La Mezcladora Eclipse KS3029 es la soluci\u00f3n perfecta para tu cocina, destacando por su construcci\u00f3n robusta en 100% acero inoxidable que garantiza durabilidad y resistencia a la corrosi\u00f3n. Con un dise\u00f1o funcional, opera eficientemente tanto en condiciones de alta como baja presi\u00f3n (m\u00ednimo 700 grs\/cm\u00b2), brindando versatilidad en su uso diario.<\/p>\n","protected":false},"featured_media":4677,"template":"","meta":{"_joinchat":[]},"product_brand":[],"product_cat":[161,183,42],"product_tag":[48],"class_list":{"0":"post-2558","1":"product","2":"type-product","3":"status-publish","4":"has-post-thumbnail","6":"product_cat-best-selling-products","7":"product_cat-mezcladoras","8":"product_cat-varios","9":"product_tag-eclipse","11":"first","12":"outofstock","13":"shipping-taxable","14":"purchasable","15":"product-type-simple"},"_links":{"self":[{"href":"https:\/\/eltiosam.com.mx\/index.php\/wp-json\/wp\/v2\/product\/2558","targetHints":{"allow":["GET"]}}],"collection":[{"href":"https:\/\/eltiosam.com.mx\/index.php\/wp-json\/wp\/v2\/product"}],"about":[{"href":"https:\/\/eltiosam.com.mx\/index.php\/wp-json\/wp\/v2\/types\/product"}],"wp:featuredmedia":[{"embeddable":true,"href":"https:\/\/eltiosam.com.mx\/index.php\/wp-json\/wp\/v2\/media\/4677"}],"wp:attachment":[{"href":"https:\/\/eltiosam.com.mx\/index.php\/wp-json\/wp\/v2\/media?parent=2558"}],"wp:term":[{"taxonomy":"product_brand","embeddable":true,"href":"https:\/\/eltiosam.com.mx\/index.php\/wp-json\/wp\/v2\/product_brand?post=2558"},{"taxonomy":"product_cat","embeddable":true,"href":"https:\/\/eltiosam.com.mx\/index.php\/wp-json\/wp\/v2\/product_cat?post=2558"},{"taxonomy":"product_tag","embeddable":true,"href":"https:\/\/eltiosam.com.mx\/index.php\/wp-json\/wp\/v2\/product_tag?post=2558"}],"curies":[{"name":"wp","href":"https:\/\/api.w.org\/{rel}","templated":true}]}}