{"id":2543,"date":"2023-11-15T21:50:13","date_gmt":"2023-11-15T21:50:13","guid":{"rendered":"http:\/\/eltiosam.com.mx\/index.php\/product\/mezcladora-eclipse-eh-49\/"},"modified":"2024-02-19T21:38:01","modified_gmt":"2024-02-19T21:38:01","slug":"mezcladora-eclipse-eh-49","status":"publish","type":"product","link":"https:\/\/eltiosam.com.mx\/index.php\/product\/mezcladora-eclipse-eh-49\/","title":{"rendered":"MEZCLADORA ECLIPSE EH-49"},"content":{"rendered":"<p><strong>Descripci\u00f3n:<\/strong><\/p>\n<ul>\n<li><strong>Material<\/strong>: 100% acero inoxidable<\/li>\n<li><strong>Cartucho<\/strong>: Cer\u00e1mico<\/li>\n<li><strong>Acabado<\/strong>: Cepillado<\/li>\n<li><strong>Garant\u00eda<\/strong>: De por vida en el cuerpo de la Mezcladora Monomando, y 10 a\u00f1os en el cartucho y la manguera<\/li>\n<\/ul>\n<p>La mezcladora es destacada por su dise\u00f1o y funcionalidad, siendo un producto de alta gama\u200b\u200b\u200b\u200b\u200b\u200b\u200b\u200b.<\/p>\n","protected":false},"excerpt":{"rendered":"<p>Descripci\u00f3n: Material: 100% acero inoxidable Cartucho: Cer\u00e1mico Acabado: Cepillado Garant\u00eda: De por vida en el cuerpo de la Mezcladora Monomando, y 10 a\u00f1os en el cartucho y la manguera La mezcladora es destacada por su dise\u00f1o y funcionalidad, siendo un producto de alta gama\u200b\u200b\u200b\u200b\u200b\u200b\u200b\u200b.<\/p>\n","protected":false},"featured_media":4674,"template":"","meta":{"_joinchat":[]},"product_brand":[],"product_cat":[161,183,42],"product_tag":[48],"class_list":{"0":"post-2543","1":"product","2":"type-product","3":"status-publish","4":"has-post-thumbnail","6":"product_cat-best-selling-products","7":"product_cat-mezcladoras","8":"product_cat-varios","9":"product_tag-eclipse","11":"first","12":"outofstock","13":"shipping-taxable","14":"purchasable","15":"product-type-simple"},"_links":{"self":[{"href":"https:\/\/eltiosam.com.mx\/index.php\/wp-json\/wp\/v2\/product\/2543","targetHints":{"allow":["GET"]}}],"collection":[{"href":"https:\/\/eltiosam.com.mx\/index.php\/wp-json\/wp\/v2\/product"}],"about":[{"href":"https:\/\/eltiosam.com.mx\/index.php\/wp-json\/wp\/v2\/types\/product"}],"wp:featuredmedia":[{"embeddable":true,"href":"https:\/\/eltiosam.com.mx\/index.php\/wp-json\/wp\/v2\/media\/4674"}],"wp:attachment":[{"href":"https:\/\/eltiosam.com.mx\/index.php\/wp-json\/wp\/v2\/media?parent=2543"}],"wp:term":[{"taxonomy":"product_brand","embeddable":true,"href":"https:\/\/eltiosam.com.mx\/index.php\/wp-json\/wp\/v2\/product_brand?post=2543"},{"taxonomy":"product_cat","embeddable":true,"href":"https:\/\/eltiosam.com.mx\/index.php\/wp-json\/wp\/v2\/product_cat?post=2543"},{"taxonomy":"product_tag","embeddable":true,"href":"https:\/\/eltiosam.com.mx\/index.php\/wp-json\/wp\/v2\/product_tag?post=2543"}],"curies":[{"name":"wp","href":"https:\/\/api.w.org\/{rel}","templated":true}]}}