{"id":2514,"date":"2023-11-15T21:50:04","date_gmt":"2023-11-15T21:50:04","guid":{"rendered":"http:\/\/eltiosam.com.mx\/index.php\/product\/mezcladora-eclipse-ea66a\/"},"modified":"2024-02-19T20:34:36","modified_gmt":"2024-02-19T20:34:36","slug":"mezcladora-eclipse-ea66a","status":"publish","type":"product","link":"https:\/\/eltiosam.com.mx\/index.php\/product\/mezcladora-eclipse-ea66a\/","title":{"rendered":"MEZCLADORA ECLIPSE EA66A"},"content":{"rendered":"<p><strong>Descripci\u00f3n:<\/strong><\/p>\n<p>La mezcladora Eclipse EA-66A, con su acabado en acero inoxidable y dise\u00f1o elegante, es ideal para cocinas modernas, ofreciendo funcionalidad tanto en sistemas de alta como de baja presi\u00f3n\u200b\u200b.<\/p>\n","protected":false},"excerpt":{"rendered":"<p>Descripci\u00f3n: La mezcladora Eclipse EA-66A, con su acabado en acero inoxidable y dise\u00f1o elegante, es ideal para cocinas modernas, ofreciendo funcionalidad tanto en sistemas de alta como de baja presi\u00f3n\u200b\u200b.<\/p>\n","protected":false},"featured_media":4665,"template":"","meta":{"_joinchat":[]},"product_brand":[],"product_cat":[161,183,42],"product_tag":[48],"class_list":{"0":"post-2514","1":"product","2":"type-product","3":"status-publish","4":"has-post-thumbnail","6":"product_cat-best-selling-products","7":"product_cat-mezcladoras","8":"product_cat-varios","9":"product_tag-eclipse","11":"first","12":"outofstock","13":"shipping-taxable","14":"purchasable","15":"product-type-simple"},"_links":{"self":[{"href":"https:\/\/eltiosam.com.mx\/index.php\/wp-json\/wp\/v2\/product\/2514","targetHints":{"allow":["GET"]}}],"collection":[{"href":"https:\/\/eltiosam.com.mx\/index.php\/wp-json\/wp\/v2\/product"}],"about":[{"href":"https:\/\/eltiosam.com.mx\/index.php\/wp-json\/wp\/v2\/types\/product"}],"wp:featuredmedia":[{"embeddable":true,"href":"https:\/\/eltiosam.com.mx\/index.php\/wp-json\/wp\/v2\/media\/4665"}],"wp:attachment":[{"href":"https:\/\/eltiosam.com.mx\/index.php\/wp-json\/wp\/v2\/media?parent=2514"}],"wp:term":[{"taxonomy":"product_brand","embeddable":true,"href":"https:\/\/eltiosam.com.mx\/index.php\/wp-json\/wp\/v2\/product_brand?post=2514"},{"taxonomy":"product_cat","embeddable":true,"href":"https:\/\/eltiosam.com.mx\/index.php\/wp-json\/wp\/v2\/product_cat?post=2514"},{"taxonomy":"product_tag","embeddable":true,"href":"https:\/\/eltiosam.com.mx\/index.php\/wp-json\/wp\/v2\/product_tag?post=2514"}],"curies":[{"name":"wp","href":"https:\/\/api.w.org\/{rel}","templated":true}]}}