{"id":2423,"date":"2023-11-15T21:49:40","date_gmt":"2023-11-15T21:49:40","guid":{"rendered":"http:\/\/eltiosam.com.mx\/index.php\/product\/lavavajillas-teka-13-servicios-dw8-57-fim-panelable\/"},"modified":"2024-02-16T19:35:19","modified_gmt":"2024-02-16T19:35:19","slug":"lavavajillas-teka-13-servicios-dw8-57-fim-panelable","status":"publish","type":"product","link":"https:\/\/eltiosam.com.mx\/index.php\/product\/lavavajillas-teka-13-servicios-dw8-57-fim-panelable\/","title":{"rendered":"LAVAVAJILLAS TEKA 13 SERVICIOS DW8 57 FIM PANELABLE"},"content":{"rendered":"<p><strong>Descripci\u00f3n:<\/strong><\/p>\n<p>El Lavavajillas Teka DW8 57 FIM es una opci\u00f3n ideal para cocinas modernas y elegantes, ofreciendo eficiencia energ\u00e9tica y diversas funcionalidades para satisfacer las necesidades de lavado de vajilla en hogares con alta demanda\u200b\u200b\u200b\u200b\u200b\u200b\u200b\u200b.<\/p>\n","protected":false},"excerpt":{"rendered":"<p>Descripci\u00f3n: El Lavavajillas Teka DW8 57 FIM es una opci\u00f3n ideal para cocinas modernas y elegantes, ofreciendo eficiencia energ\u00e9tica y diversas funcionalidades para satisfacer las necesidades de lavado de vajilla en hogares con alta demanda\u200b\u200b\u200b\u200b\u200b\u200b\u200b\u200b.<\/p>\n","protected":false},"featured_media":4633,"template":"","meta":{"_joinchat":[]},"product_brand":[],"product_cat":[161,43,42],"product_tag":[106],"class_list":{"0":"post-2423","1":"product","2":"type-product","3":"status-publish","4":"has-post-thumbnail","6":"product_cat-best-selling-products","7":"product_cat-lavavajillas","8":"product_cat-varios","9":"product_tag-teka","11":"first","12":"outofstock","13":"shipping-taxable","14":"purchasable","15":"product-type-simple"},"_links":{"self":[{"href":"https:\/\/eltiosam.com.mx\/index.php\/wp-json\/wp\/v2\/product\/2423","targetHints":{"allow":["GET"]}}],"collection":[{"href":"https:\/\/eltiosam.com.mx\/index.php\/wp-json\/wp\/v2\/product"}],"about":[{"href":"https:\/\/eltiosam.com.mx\/index.php\/wp-json\/wp\/v2\/types\/product"}],"wp:featuredmedia":[{"embeddable":true,"href":"https:\/\/eltiosam.com.mx\/index.php\/wp-json\/wp\/v2\/media\/4633"}],"wp:attachment":[{"href":"https:\/\/eltiosam.com.mx\/index.php\/wp-json\/wp\/v2\/media?parent=2423"}],"wp:term":[{"taxonomy":"product_brand","embeddable":true,"href":"https:\/\/eltiosam.com.mx\/index.php\/wp-json\/wp\/v2\/product_brand?post=2423"},{"taxonomy":"product_cat","embeddable":true,"href":"https:\/\/eltiosam.com.mx\/index.php\/wp-json\/wp\/v2\/product_cat?post=2423"},{"taxonomy":"product_tag","embeddable":true,"href":"https:\/\/eltiosam.com.mx\/index.php\/wp-json\/wp\/v2\/product_tag?post=2423"}],"curies":[{"name":"wp","href":"https:\/\/api.w.org\/{rel}","templated":true}]}}