{"id":2411,"date":"2023-11-15T21:49:37","date_gmt":"2023-11-15T21:49:37","guid":{"rendered":"http:\/\/eltiosam.com.mx\/index.php\/product\/lavavajillas-tecdw60-ss\/"},"modified":"2024-02-16T19:27:47","modified_gmt":"2024-02-16T19:27:47","slug":"lavavajillas-tecdw60-ss","status":"publish","type":"product","link":"https:\/\/eltiosam.com.mx\/index.php\/product\/lavavajillas-tecdw60-ss\/","title":{"rendered":"Lavavajillas Tecnolam TECDW60.SS"},"content":{"rendered":"<p><strong>Descripci\u00f3n:<\/strong><\/p>\n<p>Este lavavajillas Tecnolam TECDW60.SS es una opci\u00f3n eficiente y elegante para la cocina, ofreciendo capacidad para el servicio de un hogar promedio y un dise\u00f1o de acero inoxidable que complementa cualquier estilo de cocina\u200b\u200b\u200b<\/p>\n","protected":false},"excerpt":{"rendered":"<p>Descripci\u00f3n: Este lavavajillas Tecnolam TECDW60.SS es una opci\u00f3n eficiente y elegante para la cocina, ofreciendo capacidad para el servicio de un hogar promedio y un dise\u00f1o de acero inoxidable que complementa cualquier estilo de cocina\u200b\u200b\u200b<\/p>\n","protected":false},"featured_media":4630,"template":"","meta":{"_joinchat":[]},"product_brand":[],"product_cat":[43,42],"product_tag":[30],"class_list":{"0":"post-2411","1":"product","2":"type-product","3":"status-publish","4":"has-post-thumbnail","6":"product_cat-lavavajillas","7":"product_cat-varios","8":"product_tag-tecnolam","10":"first","11":"outofstock","12":"shipping-taxable","13":"purchasable","14":"product-type-simple"},"_links":{"self":[{"href":"https:\/\/eltiosam.com.mx\/index.php\/wp-json\/wp\/v2\/product\/2411","targetHints":{"allow":["GET"]}}],"collection":[{"href":"https:\/\/eltiosam.com.mx\/index.php\/wp-json\/wp\/v2\/product"}],"about":[{"href":"https:\/\/eltiosam.com.mx\/index.php\/wp-json\/wp\/v2\/types\/product"}],"wp:featuredmedia":[{"embeddable":true,"href":"https:\/\/eltiosam.com.mx\/index.php\/wp-json\/wp\/v2\/media\/4630"}],"wp:attachment":[{"href":"https:\/\/eltiosam.com.mx\/index.php\/wp-json\/wp\/v2\/media?parent=2411"}],"wp:term":[{"taxonomy":"product_brand","embeddable":true,"href":"https:\/\/eltiosam.com.mx\/index.php\/wp-json\/wp\/v2\/product_brand?post=2411"},{"taxonomy":"product_cat","embeddable":true,"href":"https:\/\/eltiosam.com.mx\/index.php\/wp-json\/wp\/v2\/product_cat?post=2411"},{"taxonomy":"product_tag","embeddable":true,"href":"https:\/\/eltiosam.com.mx\/index.php\/wp-json\/wp\/v2\/product_tag?post=2411"}],"curies":[{"name":"wp","href":"https:\/\/api.w.org\/{rel}","templated":true}]}}