{"id":2410,"date":"2023-11-15T21:49:36","date_gmt":"2023-11-15T21:49:36","guid":{"rendered":"http:\/\/eltiosam.com.mx\/index.php\/product\/lavavajillas-tecdw60-pa\/"},"modified":"2024-02-15T23:21:21","modified_gmt":"2024-02-15T23:21:21","slug":"lavavajillas-tecdw60-pa","status":"publish","type":"product","link":"https:\/\/eltiosam.com.mx\/index.php\/product\/lavavajillas-tecdw60-pa\/","title":{"rendered":"Lavavajillas Tecnolam TECDW60.PA"},"content":{"rendered":"<p><strong>Descripci\u00f3n:<\/strong><\/p>\n<p>Los lavavajillas panelables y no panelables de Tecnolam ofrecen dise\u00f1os italianos a la vanguardia manteniendo altos est\u00e1ndares de calidad, mant\u00e9n limpia tu cocina con tu aliado m\u00e1s confiable para lavar los trastes, elige lavavajillas panelable o no panelable seg\u00fan el dise\u00f1o de tu cocina<\/p>\n","protected":false},"excerpt":{"rendered":"<p>Descripci\u00f3n: Los lavavajillas panelables y no panelables de Tecnolam ofrecen dise\u00f1os italianos a la vanguardia manteniendo altos est\u00e1ndares de calidad, mant\u00e9n limpia tu cocina con tu aliado m\u00e1s confiable para lavar los trastes, elige lavavajillas panelable o no panelable seg\u00fan el dise\u00f1o de tu cocina<\/p>\n","protected":false},"featured_media":4627,"template":"","meta":{"_joinchat":[]},"product_brand":[],"product_cat":[161,43,42],"product_tag":[30],"class_list":{"0":"post-2410","1":"product","2":"type-product","3":"status-publish","4":"has-post-thumbnail","6":"product_cat-best-selling-products","7":"product_cat-lavavajillas","8":"product_cat-varios","9":"product_tag-tecnolam","11":"first","12":"outofstock","13":"shipping-taxable","14":"purchasable","15":"product-type-simple"},"_links":{"self":[{"href":"https:\/\/eltiosam.com.mx\/index.php\/wp-json\/wp\/v2\/product\/2410","targetHints":{"allow":["GET"]}}],"collection":[{"href":"https:\/\/eltiosam.com.mx\/index.php\/wp-json\/wp\/v2\/product"}],"about":[{"href":"https:\/\/eltiosam.com.mx\/index.php\/wp-json\/wp\/v2\/types\/product"}],"wp:featuredmedia":[{"embeddable":true,"href":"https:\/\/eltiosam.com.mx\/index.php\/wp-json\/wp\/v2\/media\/4627"}],"wp:attachment":[{"href":"https:\/\/eltiosam.com.mx\/index.php\/wp-json\/wp\/v2\/media?parent=2410"}],"wp:term":[{"taxonomy":"product_brand","embeddable":true,"href":"https:\/\/eltiosam.com.mx\/index.php\/wp-json\/wp\/v2\/product_brand?post=2410"},{"taxonomy":"product_cat","embeddable":true,"href":"https:\/\/eltiosam.com.mx\/index.php\/wp-json\/wp\/v2\/product_cat?post=2410"},{"taxonomy":"product_tag","embeddable":true,"href":"https:\/\/eltiosam.com.mx\/index.php\/wp-json\/wp\/v2\/product_tag?post=2410"}],"curies":[{"name":"wp","href":"https:\/\/api.w.org\/{rel}","templated":true}]}}