{"id":2390,"date":"2023-11-15T21:49:32","date_gmt":"2023-11-15T21:49:32","guid":{"rendered":"http:\/\/eltiosam.com.mx\/index.php\/product\/lavavajillas-maytag-14-servicios-mdb4949skz\/"},"modified":"2024-02-15T23:11:24","modified_gmt":"2024-02-15T23:11:24","slug":"lavavajillas-maytag-14-servicios-mdb4949skz","status":"publish","type":"product","link":"https:\/\/eltiosam.com.mx\/index.php\/product\/lavavajillas-maytag-14-servicios-mdb4949skz\/","title":{"rendered":"LAVAVAJILLAS MAYTAG 14 SERVICIOS MDB4949SKZ"},"content":{"rendered":"<p><strong>Descripci\u00f3n:<\/strong><\/p>\n<p>Lavavajillas de 14\u00a0servicios de 61 cent\u00edmetros con tina interior de acero inoxidable cuenta con mayor flexibilidad de espacios. Sistema de lavado con triturador de alimentos. Su rack para utensilios es el espacio ideal para poner utensilios largos y planos, y sus dos niveles de racks completos cuentan con las dimensiones y caracter\u00edsticas ideales para el acomodo de todo tipo de platos, vasos y sartenes. Silenciosa con 50 dBA. Con garant\u00eda Maytag de 10 a\u00f1os en racks, cuchillas y tina de acero inoxidable.<\/p>\n","protected":false},"excerpt":{"rendered":"<p>Descripci\u00f3n: Lavavajillas de 14\u00a0servicios de 61 cent\u00edmetros con tina interior de acero inoxidable cuenta con mayor flexibilidad de espacios. Sistema de lavado con triturador de alimentos. Su rack para utensilios es el espacio ideal para poner utensilios largos y planos, y sus dos niveles de racks completos cuentan con las dimensiones y caracter\u00edsticas ideales para [&hellip;]<\/p>\n","protected":false},"featured_media":4620,"template":"","meta":{"_joinchat":[]},"product_brand":[],"product_cat":[161,43,42],"product_tag":[205],"class_list":{"0":"post-2390","1":"product","2":"type-product","3":"status-publish","4":"has-post-thumbnail","6":"product_cat-best-selling-products","7":"product_cat-lavavajillas","8":"product_cat-varios","9":"product_tag-maytag","11":"first","12":"outofstock","13":"shipping-taxable","14":"purchasable","15":"product-type-simple"},"_links":{"self":[{"href":"https:\/\/eltiosam.com.mx\/index.php\/wp-json\/wp\/v2\/product\/2390","targetHints":{"allow":["GET"]}}],"collection":[{"href":"https:\/\/eltiosam.com.mx\/index.php\/wp-json\/wp\/v2\/product"}],"about":[{"href":"https:\/\/eltiosam.com.mx\/index.php\/wp-json\/wp\/v2\/types\/product"}],"wp:featuredmedia":[{"embeddable":true,"href":"https:\/\/eltiosam.com.mx\/index.php\/wp-json\/wp\/v2\/media\/4620"}],"wp:attachment":[{"href":"https:\/\/eltiosam.com.mx\/index.php\/wp-json\/wp\/v2\/media?parent=2390"}],"wp:term":[{"taxonomy":"product_brand","embeddable":true,"href":"https:\/\/eltiosam.com.mx\/index.php\/wp-json\/wp\/v2\/product_brand?post=2390"},{"taxonomy":"product_cat","embeddable":true,"href":"https:\/\/eltiosam.com.mx\/index.php\/wp-json\/wp\/v2\/product_cat?post=2390"},{"taxonomy":"product_tag","embeddable":true,"href":"https:\/\/eltiosam.com.mx\/index.php\/wp-json\/wp\/v2\/product_tag?post=2390"}],"curies":[{"name":"wp","href":"https:\/\/api.w.org\/{rel}","templated":true}]}}