{"id":2370,"date":"2023-11-15T21:49:26","date_gmt":"2023-11-15T21:49:26","guid":{"rendered":"http:\/\/eltiosam.com.mx\/index.php\/product\/lavavajillas-kitchen-aid-kdtm604kps\/"},"modified":"2024-02-15T22:29:06","modified_gmt":"2024-02-15T22:29:06","slug":"lavavajillas-kitchen-aid-kdtm604kps","status":"publish","type":"product","link":"https:\/\/eltiosam.com.mx\/index.php\/product\/lavavajillas-kitchen-aid-kdtm604kps\/","title":{"rendered":"LAVAVAJILLAS KITCHEN AID KDTM604KPS"},"content":{"rendered":"<p><strong>Descripci\u00f3n del Producto:<\/strong><\/p>\n<p>Mantente siempre al d\u00eda con tus creaciones gracias a este lavavajillas y sus vers\u00e1tiles posibilidades de carga y cobertura de lavado. El rack de tercer nivel FreeFlex\u2122 se adapta a vasos, tazas, tazones, cubiertos y utensilios de cocina, liberando espacio en los otros niveles para ollas, platos y bowls. El sistema de lavado avanzado Clean Water circula agua limpia a tu vajilla en los tres niveles, mientras que el sistema de secado a base de ventilador ProDry\u2122 brinda un secado completo, dejando tu vajilla seca y brillante, lista para m\u00e1s creaciones.<\/p>\n","protected":false},"excerpt":{"rendered":"<p>Descripci\u00f3n del Producto: Mantente siempre al d\u00eda con tus creaciones gracias a este lavavajillas y sus vers\u00e1tiles posibilidades de carga y cobertura de lavado. El rack de tercer nivel FreeFlex\u2122 se adapta a vasos, tazas, tazones, cubiertos y utensilios de cocina, liberando espacio en los otros niveles para ollas, platos y bowls. El sistema de [&hellip;]<\/p>\n","protected":false},"featured_media":4612,"template":"","meta":{"_joinchat":[]},"product_brand":[],"product_cat":[161,43,42],"product_tag":[39],"class_list":{"0":"post-2370","1":"product","2":"type-product","3":"status-publish","4":"has-post-thumbnail","6":"product_cat-best-selling-products","7":"product_cat-lavavajillas","8":"product_cat-varios","9":"product_tag-kitchen-aid","11":"first","12":"outofstock","13":"shipping-taxable","14":"purchasable","15":"product-type-simple"},"_links":{"self":[{"href":"https:\/\/eltiosam.com.mx\/index.php\/wp-json\/wp\/v2\/product\/2370","targetHints":{"allow":["GET"]}}],"collection":[{"href":"https:\/\/eltiosam.com.mx\/index.php\/wp-json\/wp\/v2\/product"}],"about":[{"href":"https:\/\/eltiosam.com.mx\/index.php\/wp-json\/wp\/v2\/types\/product"}],"wp:featuredmedia":[{"embeddable":true,"href":"https:\/\/eltiosam.com.mx\/index.php\/wp-json\/wp\/v2\/media\/4612"}],"wp:attachment":[{"href":"https:\/\/eltiosam.com.mx\/index.php\/wp-json\/wp\/v2\/media?parent=2370"}],"wp:term":[{"taxonomy":"product_brand","embeddable":true,"href":"https:\/\/eltiosam.com.mx\/index.php\/wp-json\/wp\/v2\/product_brand?post=2370"},{"taxonomy":"product_cat","embeddable":true,"href":"https:\/\/eltiosam.com.mx\/index.php\/wp-json\/wp\/v2\/product_cat?post=2370"},{"taxonomy":"product_tag","embeddable":true,"href":"https:\/\/eltiosam.com.mx\/index.php\/wp-json\/wp\/v2\/product_tag?post=2370"}],"curies":[{"name":"wp","href":"https:\/\/api.w.org\/{rel}","templated":true}]}}