{"id":2325,"date":"2023-11-15T21:49:04","date_gmt":"2023-11-15T21:49:04","guid":{"rendered":"http:\/\/eltiosam.com.mx\/index.php\/product\/lavasecadora-lg-12kg-wd12vvc4s6\/"},"modified":"2024-02-14T21:39:32","modified_gmt":"2024-02-14T21:39:32","slug":"lavasecadora-lg-12kg-wd12vvc4s6","status":"publish","type":"product","link":"https:\/\/eltiosam.com.mx\/index.php\/product\/lavasecadora-lg-12kg-wd12vvc4s6\/","title":{"rendered":"LAVASECADORA LG 12KG WD12VVC4S6"},"content":{"rendered":"<div class=\"flex-1 overflow-hidden\">\n<div class=\"react-scroll-to-bottom--css-xlzxs-79elbk h-full\">\n<div class=\"react-scroll-to-bottom--css-xlzxs-1n7m0yu\">\n<div class=\"flex flex-col pb-9 text-sm\">\n<div class=\"w-full text-token-text-primary\" data-testid=\"conversation-turn-47\">\n<div class=\"px-4 py-2 justify-center text-base md:gap-6 m-auto\">\n<div class=\"flex flex-1 text-base mx-auto gap-3 md:px-5 lg:px-1 xl:px-5 md:max-w-3xl lg:max-w-[40rem] xl:max-w-[48rem] group final-completion\">\n<div class=\"relative flex w-full flex-col lg:w-[calc(100%-115px)] agent-turn\">\n<div class=\"flex-col gap-1 md:gap-3\">\n<div class=\"flex flex-grow flex-col max-w-full\">\n<div class=\"min-h-[20px] text-message flex flex-col items-start gap-3 whitespace-pre-wrap break-words [.text-message+&amp;]:mt-5 overflow-x-auto\" data-message-author-role=\"assistant\" data-message-id=\"668479ce-83d3-4964-aec3-9e5e9ebd029d\">\n<div class=\"markdown prose w-full break-words dark:prose-invert light\">\n<p><strong>Descripci\u00f3n:<\/strong><\/p>\n<p>La lavasecadora LG WD12VVC4S6 combina eficiencia de lavado y secado con una capacidad de 12 kg para lavado y 7 kg para secado, brindando conveniencia y ahorro de espacio. Con un dise\u00f1o moderno y diversas funciones avanzadas, esta lavasecadora est\u00e1 dise\u00f1ada para satisfacer las necesidades de lavander\u00eda de manera efectiva.<\/p>\n<\/div>\n<\/div>\n<\/div>\n<\/div>\n<\/div>\n<\/div>\n<\/div>\n<\/div>\n<\/div>\n<\/div>\n<\/div>\n<\/div>\n","protected":false},"excerpt":{"rendered":"<p>Descripci\u00f3n: La lavasecadora LG WD12VVC4S6 combina eficiencia de lavado y secado con una capacidad de 12 kg para lavado y 7 kg para secado, brindando conveniencia y ahorro de espacio. Con un dise\u00f1o moderno y diversas funciones avanzadas, esta lavasecadora est\u00e1 dise\u00f1ada para satisfacer las necesidades de lavander\u00eda de manera efectiva.<\/p>\n","protected":false},"featured_media":4574,"template":"","meta":{"_joinchat":[]},"product_brand":[],"product_cat":[161,32,58,198],"product_tag":[208],"class_list":{"0":"post-2325","1":"product","2":"type-product","3":"status-publish","4":"has-post-thumbnail","6":"product_cat-best-selling-products","7":"product_cat-lavanderia","8":"product_cat-lavasecadoras","9":"product_cat-secadoras","10":"product_tag-lg","12":"first","13":"outofstock","14":"shipping-taxable","15":"purchasable","16":"product-type-simple"},"_links":{"self":[{"href":"https:\/\/eltiosam.com.mx\/index.php\/wp-json\/wp\/v2\/product\/2325","targetHints":{"allow":["GET"]}}],"collection":[{"href":"https:\/\/eltiosam.com.mx\/index.php\/wp-json\/wp\/v2\/product"}],"about":[{"href":"https:\/\/eltiosam.com.mx\/index.php\/wp-json\/wp\/v2\/types\/product"}],"wp:featuredmedia":[{"embeddable":true,"href":"https:\/\/eltiosam.com.mx\/index.php\/wp-json\/wp\/v2\/media\/4574"}],"wp:attachment":[{"href":"https:\/\/eltiosam.com.mx\/index.php\/wp-json\/wp\/v2\/media?parent=2325"}],"wp:term":[{"taxonomy":"product_brand","embeddable":true,"href":"https:\/\/eltiosam.com.mx\/index.php\/wp-json\/wp\/v2\/product_brand?post=2325"},{"taxonomy":"product_cat","embeddable":true,"href":"https:\/\/eltiosam.com.mx\/index.php\/wp-json\/wp\/v2\/product_cat?post=2325"},{"taxonomy":"product_tag","embeddable":true,"href":"https:\/\/eltiosam.com.mx\/index.php\/wp-json\/wp\/v2\/product_tag?post=2325"}],"curies":[{"name":"wp","href":"https:\/\/api.w.org\/{rel}","templated":true}]}}