{"id":2324,"date":"2023-11-15T21:49:03","date_gmt":"2023-11-15T21:49:03","guid":{"rendered":"http:\/\/eltiosam.com.mx\/index.php\/product\/lavadora-whirlpool-8mwtw2224wjm\/"},"modified":"2026-03-17T23:12:46","modified_gmt":"2026-03-17T23:12:46","slug":"lavadora-whirlpool-8mwtw2224wjm","status":"publish","type":"product","link":"https:\/\/eltiosam.com.mx\/index.php\/product\/lavadora-whirlpool-8mwtw2224wjm\/","title":{"rendered":"LAVADORA WHIRLPOOL 8MWTW2224WJM"},"content":{"rendered":"<p><strong>Descripci\u00f3n:<\/strong><\/p>\n<p>La lavadora Whirlpool 8MWTW2224WJM es reconocida por su gran capacidad, diversidad en programas de lavado y eficacia en la eliminaci\u00f3n de manchas dif\u00edciles. Su dise\u00f1o en color blanco con panel Chrome Shadow le otorga un aspecto moderno y elegante, adecuado para cualquier hogar\u200b\u200b\u200b\u200b\u200b\u200b\u200b\u200b\u200b\u200b\u200b\u200b\u200b\u200b\u200b\u200b.<\/p>\n<p><syndigo-powerpage pageid=\"5140431\"><\/syndigo-powerpage><\/p>\n","protected":false},"excerpt":{"rendered":"<p>Descripci\u00f3n: La lavadora Whirlpool 8MWTW2224WJM es reconocida por su gran capacidad, diversidad en programas de lavado y eficacia en la eliminaci\u00f3n de manchas dif\u00edciles. Su dise\u00f1o en color blanco con panel Chrome Shadow le otorga un aspecto moderno y elegante, adecuado para cualquier hogar\u200b\u200b\u200b\u200b\u200b\u200b\u200b\u200b\u200b\u200b\u200b\u200b\u200b\u200b\u200b\u200b.<\/p>\n","protected":false},"featured_media":4571,"template":"","meta":{"_joinchat":[]},"product_brand":[],"product_cat":[161,179,181,32],"product_tag":[204],"class_list":{"0":"post-2324","1":"product","2":"type-product","3":"status-publish","4":"has-post-thumbnail","6":"product_cat-best-selling-products","7":"product_cat-lavadoras","8":"product_cat-lavadoras-carga-superior","9":"product_cat-lavanderia","10":"product_tag-whirlpool","12":"first","13":"outofstock","14":"shipping-taxable","15":"purchasable","16":"product-type-simple"},"_links":{"self":[{"href":"https:\/\/eltiosam.com.mx\/index.php\/wp-json\/wp\/v2\/product\/2324","targetHints":{"allow":["GET"]}}],"collection":[{"href":"https:\/\/eltiosam.com.mx\/index.php\/wp-json\/wp\/v2\/product"}],"about":[{"href":"https:\/\/eltiosam.com.mx\/index.php\/wp-json\/wp\/v2\/types\/product"}],"wp:featuredmedia":[{"embeddable":true,"href":"https:\/\/eltiosam.com.mx\/index.php\/wp-json\/wp\/v2\/media\/4571"}],"wp:attachment":[{"href":"https:\/\/eltiosam.com.mx\/index.php\/wp-json\/wp\/v2\/media?parent=2324"}],"wp:term":[{"taxonomy":"product_brand","embeddable":true,"href":"https:\/\/eltiosam.com.mx\/index.php\/wp-json\/wp\/v2\/product_brand?post=2324"},{"taxonomy":"product_cat","embeddable":true,"href":"https:\/\/eltiosam.com.mx\/index.php\/wp-json\/wp\/v2\/product_cat?post=2324"},{"taxonomy":"product_tag","embeddable":true,"href":"https:\/\/eltiosam.com.mx\/index.php\/wp-json\/wp\/v2\/product_tag?post=2324"}],"curies":[{"name":"wp","href":"https:\/\/api.w.org\/{rel}","templated":true}]}}