{"id":2323,"date":"2023-11-15T21:49:02","date_gmt":"2023-11-15T21:49:02","guid":{"rendered":"http:\/\/eltiosam.com.mx\/index.php\/product\/lavadora-whirlpool-8mwtw2024mjm\/"},"modified":"2024-02-14T18:16:09","modified_gmt":"2024-02-14T18:16:09","slug":"lavadora-whirlpool-8mwtw2024mjm","status":"publish","type":"product","link":"https:\/\/eltiosam.com.mx\/index.php\/product\/lavadora-whirlpool-8mwtw2024mjm\/","title":{"rendered":"LAVADORA WHIRLPOOL 8MWTW2024MJM"},"content":{"rendered":"<p><strong>Descripci\u00f3n:<\/strong><\/p>\n<p>La lavadora Whirlpool 8MWTW2024MJM destaca por su gran capacidad, variedad en programas de lavado y facilidad de uso gracias a su control giratorio. Adem\u00e1s, su dise\u00f1o en color blanco y con panel Chrome Shadow le otorga un aspecto moderno y elegante, siendo una opci\u00f3n ideal para hogares grandes o familias numerosas\u200b\u200b\u200b\u200b\u200b\u200b\u200b\u200b\u200b\u200b.<\/p>\n","protected":false},"excerpt":{"rendered":"<p>Descripci\u00f3n: La lavadora Whirlpool 8MWTW2024MJM destaca por su gran capacidad, variedad en programas de lavado y facilidad de uso gracias a su control giratorio. Adem\u00e1s, su dise\u00f1o en color blanco y con panel Chrome Shadow le otorga un aspecto moderno y elegante, siendo una opci\u00f3n ideal para hogares grandes o familias numerosas\u200b\u200b\u200b\u200b\u200b\u200b\u200b\u200b\u200b\u200b.<\/p>\n","protected":false},"featured_media":4566,"template":"","meta":{"_joinchat":[]},"product_brand":[],"product_cat":[161,179,181,32],"product_tag":[204],"class_list":{"0":"post-2323","1":"product","2":"type-product","3":"status-publish","4":"has-post-thumbnail","6":"product_cat-best-selling-products","7":"product_cat-lavadoras","8":"product_cat-lavadoras-carga-superior","9":"product_cat-lavanderia","10":"product_tag-whirlpool","12":"first","13":"outofstock","14":"shipping-taxable","15":"purchasable","16":"product-type-simple"},"_links":{"self":[{"href":"https:\/\/eltiosam.com.mx\/index.php\/wp-json\/wp\/v2\/product\/2323","targetHints":{"allow":["GET"]}}],"collection":[{"href":"https:\/\/eltiosam.com.mx\/index.php\/wp-json\/wp\/v2\/product"}],"about":[{"href":"https:\/\/eltiosam.com.mx\/index.php\/wp-json\/wp\/v2\/types\/product"}],"wp:featuredmedia":[{"embeddable":true,"href":"https:\/\/eltiosam.com.mx\/index.php\/wp-json\/wp\/v2\/media\/4566"}],"wp:attachment":[{"href":"https:\/\/eltiosam.com.mx\/index.php\/wp-json\/wp\/v2\/media?parent=2323"}],"wp:term":[{"taxonomy":"product_brand","embeddable":true,"href":"https:\/\/eltiosam.com.mx\/index.php\/wp-json\/wp\/v2\/product_brand?post=2323"},{"taxonomy":"product_cat","embeddable":true,"href":"https:\/\/eltiosam.com.mx\/index.php\/wp-json\/wp\/v2\/product_cat?post=2323"},{"taxonomy":"product_tag","embeddable":true,"href":"https:\/\/eltiosam.com.mx\/index.php\/wp-json\/wp\/v2\/product_tag?post=2323"}],"curies":[{"name":"wp","href":"https:\/\/api.w.org\/{rel}","templated":true}]}}