{"id":2300,"date":"2023-11-15T21:48:50","date_gmt":"2023-11-15T21:48:50","guid":{"rendered":"http:\/\/eltiosam.com.mx\/index.php\/product\/lavadora-maytag-20kg-7mmvwc465jw\/"},"modified":"2026-03-17T23:05:59","modified_gmt":"2026-03-17T23:05:59","slug":"lavadora-maytag-20kg-7mmvwc465jw","status":"publish","type":"product","link":"https:\/\/eltiosam.com.mx\/index.php\/product\/lavadora-maytag-20kg-7mmvwc465jw\/","title":{"rendered":"LAVADORA MAYTAG 20KG 7MMVWC465JW"},"content":{"rendered":"<p><strong>Descripci\u00f3n General:<\/strong><\/p>\n<ul>\n<li><strong>Especificaciones Clave:<\/strong> Cuenta con un agitador HE PowerWash y un sistema de Alta Eficiencia (HE) con 12 ciclos autom\u00e1ticos dise\u00f1ados para atacar manchas dif\u00edciles y proporcionar una limpieza poderosa\u200b\u200b.<\/li>\n<li><strong>Material del Tambor:<\/strong> Acero inoxidable.<\/li>\n<li><strong>Bisagra para Puerta:<\/strong> Ubicada en la parte superior, facilitando el acceso al interior.<\/li>\n<li><strong>Control:<\/strong> Se realiza mediante un selector giratorio en la parte frontal, donde tambi\u00e9n se encuentra una pantalla incorporada.<\/li>\n<li><strong>Programas de Lavado:<\/strong> Dispone de ocho programas diferentes adaptados a distintas necesidades de lavado\u200b\u200b.<\/li>\n<\/ul>\n<p>Esta lavadora parece ser una excelente opci\u00f3n para hogares que buscan eficiencia y capacidad para manejar grandes cargas de ropa.<\/p>\n<p><syndigo-powerpage pageid=\"5132093\"><\/syndigo-powerpage><\/p>\n","protected":false},"excerpt":{"rendered":"<p>Descripci\u00f3n General: Especificaciones Clave: Cuenta con un agitador HE PowerWash y un sistema de Alta Eficiencia (HE) con 12 ciclos autom\u00e1ticos dise\u00f1ados para atacar manchas dif\u00edciles y proporcionar una limpieza poderosa\u200b\u200b. Material del Tambor: Acero inoxidable. Bisagra para Puerta: Ubicada en la parte superior, facilitando el acceso al interior. Control: Se realiza mediante un selector [&hellip;]<\/p>\n","protected":false},"featured_media":4490,"template":"","meta":{"_joinchat":[]},"product_brand":[],"product_cat":[161,179,181,32],"product_tag":[205],"class_list":{"0":"post-2300","1":"product","2":"type-product","3":"status-publish","4":"has-post-thumbnail","6":"product_cat-best-selling-products","7":"product_cat-lavadoras","8":"product_cat-lavadoras-carga-superior","9":"product_cat-lavanderia","10":"product_tag-maytag","12":"first","13":"outofstock","14":"shipping-taxable","15":"purchasable","16":"product-type-simple"},"_links":{"self":[{"href":"https:\/\/eltiosam.com.mx\/index.php\/wp-json\/wp\/v2\/product\/2300","targetHints":{"allow":["GET"]}}],"collection":[{"href":"https:\/\/eltiosam.com.mx\/index.php\/wp-json\/wp\/v2\/product"}],"about":[{"href":"https:\/\/eltiosam.com.mx\/index.php\/wp-json\/wp\/v2\/types\/product"}],"wp:featuredmedia":[{"embeddable":true,"href":"https:\/\/eltiosam.com.mx\/index.php\/wp-json\/wp\/v2\/media\/4490"}],"wp:attachment":[{"href":"https:\/\/eltiosam.com.mx\/index.php\/wp-json\/wp\/v2\/media?parent=2300"}],"wp:term":[{"taxonomy":"product_brand","embeddable":true,"href":"https:\/\/eltiosam.com.mx\/index.php\/wp-json\/wp\/v2\/product_brand?post=2300"},{"taxonomy":"product_cat","embeddable":true,"href":"https:\/\/eltiosam.com.mx\/index.php\/wp-json\/wp\/v2\/product_cat?post=2300"},{"taxonomy":"product_tag","embeddable":true,"href":"https:\/\/eltiosam.com.mx\/index.php\/wp-json\/wp\/v2\/product_tag?post=2300"}],"curies":[{"name":"wp","href":"https:\/\/api.w.org\/{rel}","templated":true}]}}