{"id":2291,"date":"2023-11-15T21:48:44","date_gmt":"2023-11-15T21:48:44","guid":{"rendered":"http:\/\/eltiosam.com.mx\/index.php\/product\/lavadora-mabe-21kg-lma71214vbab\/"},"modified":"2024-02-14T16:14:42","modified_gmt":"2024-02-14T16:14:42","slug":"lavadora-mabe-21kg-lma71214vbab","status":"publish","type":"product","link":"https:\/\/eltiosam.com.mx\/index.php\/product\/lavadora-mabe-21kg-lma71214vbab\/","title":{"rendered":"LAVADORA MABE 21KG LMA71214VBAB"},"content":{"rendered":"<h3><strong>Descripci\u00f3n:<\/strong><\/h3>\n<p>La <strong>lavadora Mabe LMA71214VBAB0<\/strong> se destaca por su gran capacidad y tecnolog\u00edas avanzadas que garantizan un lavado eficiente y ecol\u00f3gico. Es ideal para familias grandes o para quienes necesitan lavar grandes cantidades de ropa. Su tecnolog\u00eda de ahorro de agua y energ\u00eda la hace una opci\u00f3n consciente para cuidar el medio ambiente, y sus m\u00faltiples programas y funciones ofrecen versatilidad para diferentes tipos de tejidos y necesidades<\/p>\n","protected":false},"excerpt":{"rendered":"<p>Descripci\u00f3n: La lavadora Mabe LMA71214VBAB0 se destaca por su gran capacidad y tecnolog\u00edas avanzadas que garantizan un lavado eficiente y ecol\u00f3gico. Es ideal para familias grandes o para quienes necesitan lavar grandes cantidades de ropa. Su tecnolog\u00eda de ahorro de agua y energ\u00eda la hace una opci\u00f3n consciente para cuidar el medio ambiente, y sus [&hellip;]<\/p>\n","protected":false},"featured_media":4439,"template":"","meta":{"_joinchat":[]},"product_brand":[],"product_cat":[161,179,181,32],"product_tag":[21],"class_list":{"0":"post-2291","1":"product","2":"type-product","3":"status-publish","4":"has-post-thumbnail","6":"product_cat-best-selling-products","7":"product_cat-lavadoras","8":"product_cat-lavadoras-carga-superior","9":"product_cat-lavanderia","10":"product_tag-mabe","12":"first","13":"outofstock","14":"shipping-taxable","15":"purchasable","16":"product-type-simple"},"_links":{"self":[{"href":"https:\/\/eltiosam.com.mx\/index.php\/wp-json\/wp\/v2\/product\/2291","targetHints":{"allow":["GET"]}}],"collection":[{"href":"https:\/\/eltiosam.com.mx\/index.php\/wp-json\/wp\/v2\/product"}],"about":[{"href":"https:\/\/eltiosam.com.mx\/index.php\/wp-json\/wp\/v2\/types\/product"}],"wp:featuredmedia":[{"embeddable":true,"href":"https:\/\/eltiosam.com.mx\/index.php\/wp-json\/wp\/v2\/media\/4439"}],"wp:attachment":[{"href":"https:\/\/eltiosam.com.mx\/index.php\/wp-json\/wp\/v2\/media?parent=2291"}],"wp:term":[{"taxonomy":"product_brand","embeddable":true,"href":"https:\/\/eltiosam.com.mx\/index.php\/wp-json\/wp\/v2\/product_brand?post=2291"},{"taxonomy":"product_cat","embeddable":true,"href":"https:\/\/eltiosam.com.mx\/index.php\/wp-json\/wp\/v2\/product_cat?post=2291"},{"taxonomy":"product_tag","embeddable":true,"href":"https:\/\/eltiosam.com.mx\/index.php\/wp-json\/wp\/v2\/product_tag?post=2291"}],"curies":[{"name":"wp","href":"https:\/\/api.w.org\/{rel}","templated":true}]}}