{"id":2249,"date":"2023-11-15T21:48:27","date_gmt":"2023-11-15T21:48:27","guid":{"rendered":"http:\/\/eltiosam.com.mx\/index.php\/product\/horno-whirlpool-akzm656ix\/"},"modified":"2024-02-13T16:46:18","modified_gmt":"2024-02-13T16:46:18","slug":"horno-whirlpool-akzm656ix","status":"publish","type":"product","link":"https:\/\/eltiosam.com.mx\/index.php\/product\/horno-whirlpool-akzm656ix\/","title":{"rendered":"HORNO WHIRLPOOL AKZM656IX"},"content":{"rendered":"<p><strong>Descripci\u00f3n:<\/strong><\/p>\n<p>Este horno Whirlpool AKZM656IX ofrece un conjunto de caracter\u00edsticas avanzadas, desde su puerta con triple cristal hasta la funci\u00f3n Cook 3 para una cocina eficiente y vers\u00e1til. Su dise\u00f1o elegante y tecnolog\u00eda eficiente lo convierten en una opci\u00f3n atractiva para cualquier cocina moderna.<\/p>\n","protected":false},"excerpt":{"rendered":"<p>Descripci\u00f3n: Este horno Whirlpool AKZM656IX ofrece un conjunto de caracter\u00edsticas avanzadas, desde su puerta con triple cristal hasta la funci\u00f3n Cook 3 para una cocina eficiente y vers\u00e1til. Su dise\u00f1o elegante y tecnolog\u00eda eficiente lo convierten en una opci\u00f3n atractiva para cualquier cocina moderna.<\/p>\n","protected":false},"featured_media":4260,"template":"","meta":{"_joinchat":[]},"product_brand":[],"product_cat":[161,29,175,178],"product_tag":[204],"class_list":{"0":"post-2249","1":"product","2":"type-product","3":"status-publish","4":"has-post-thumbnail","6":"product_cat-best-selling-products","7":"product_cat-coccion","8":"product_cat-hornos","9":"product_cat-hornos-electricos","10":"product_tag-whirlpool","12":"first","13":"outofstock","14":"shipping-taxable","15":"purchasable","16":"product-type-simple"},"_links":{"self":[{"href":"https:\/\/eltiosam.com.mx\/index.php\/wp-json\/wp\/v2\/product\/2249","targetHints":{"allow":["GET"]}}],"collection":[{"href":"https:\/\/eltiosam.com.mx\/index.php\/wp-json\/wp\/v2\/product"}],"about":[{"href":"https:\/\/eltiosam.com.mx\/index.php\/wp-json\/wp\/v2\/types\/product"}],"wp:featuredmedia":[{"embeddable":true,"href":"https:\/\/eltiosam.com.mx\/index.php\/wp-json\/wp\/v2\/media\/4260"}],"wp:attachment":[{"href":"https:\/\/eltiosam.com.mx\/index.php\/wp-json\/wp\/v2\/media?parent=2249"}],"wp:term":[{"taxonomy":"product_brand","embeddable":true,"href":"https:\/\/eltiosam.com.mx\/index.php\/wp-json\/wp\/v2\/product_brand?post=2249"},{"taxonomy":"product_cat","embeddable":true,"href":"https:\/\/eltiosam.com.mx\/index.php\/wp-json\/wp\/v2\/product_cat?post=2249"},{"taxonomy":"product_tag","embeddable":true,"href":"https:\/\/eltiosam.com.mx\/index.php\/wp-json\/wp\/v2\/product_tag?post=2249"}],"curies":[{"name":"wp","href":"https:\/\/api.w.org\/{rel}","templated":true}]}}