{"id":2245,"date":"2023-11-15T21:48:26","date_gmt":"2023-11-15T21:48:26","guid":{"rendered":"http:\/\/eltiosam.com.mx\/index.php\/product\/horno-te60gas-ac\/"},"modified":"2024-02-13T16:39:06","modified_gmt":"2024-02-13T16:39:06","slug":"horno-te60gas-ac","status":"publish","type":"product","link":"https:\/\/eltiosam.com.mx\/index.php\/product\/horno-te60gas-ac\/","title":{"rendered":"Horno Tecnolam TE60GAS.AC"},"content":{"rendered":"<p><strong>Descripci\u00f3n:<br \/>\n<\/strong>5 funciones de cocinado, grill el\u00e9ctrico, luz interior, temporizador ac\u00fastico, puerta de triple cristal, ventilador de convecci\u00f3n, capacidad 67 lts, funcionamiento 110 V &#8211; 60 Hz, origen GAS LP incluye espreas para conversi\u00f3n a GAS NATURAL, panel de control: perillas, incluye cable tipo uso rudo 3 x 16, no incluye clavija, se recomienda instalar clavija polarizada y aterrizada, uso dom\u00e9stico no comercial<strong><br \/>\n<\/strong><\/p>\n","protected":false},"excerpt":{"rendered":"<p>Descripci\u00f3n: 5 funciones de cocinado, grill el\u00e9ctrico, luz interior, temporizador ac\u00fastico, puerta de triple cristal, ventilador de convecci\u00f3n, capacidad 67 lts, funcionamiento 110 V &#8211; 60 Hz, origen GAS LP incluye espreas para conversi\u00f3n a GAS NATURAL, panel de control: perillas, incluye cable tipo uso rudo 3 x 16, no incluye clavija, se recomienda instalar [&hellip;]<\/p>\n","protected":false},"featured_media":4255,"template":"","meta":{"_joinchat":[]},"product_brand":[],"product_cat":[161,29,175],"product_tag":[30],"class_list":{"0":"post-2245","1":"product","2":"type-product","3":"status-publish","4":"has-post-thumbnail","6":"product_cat-best-selling-products","7":"product_cat-coccion","8":"product_cat-hornos","9":"product_tag-tecnolam","11":"first","12":"outofstock","13":"shipping-taxable","14":"purchasable","15":"product-type-simple"},"_links":{"self":[{"href":"https:\/\/eltiosam.com.mx\/index.php\/wp-json\/wp\/v2\/product\/2245","targetHints":{"allow":["GET"]}}],"collection":[{"href":"https:\/\/eltiosam.com.mx\/index.php\/wp-json\/wp\/v2\/product"}],"about":[{"href":"https:\/\/eltiosam.com.mx\/index.php\/wp-json\/wp\/v2\/types\/product"}],"wp:featuredmedia":[{"embeddable":true,"href":"https:\/\/eltiosam.com.mx\/index.php\/wp-json\/wp\/v2\/media\/4255"}],"wp:attachment":[{"href":"https:\/\/eltiosam.com.mx\/index.php\/wp-json\/wp\/v2\/media?parent=2245"}],"wp:term":[{"taxonomy":"product_brand","embeddable":true,"href":"https:\/\/eltiosam.com.mx\/index.php\/wp-json\/wp\/v2\/product_brand?post=2245"},{"taxonomy":"product_cat","embeddable":true,"href":"https:\/\/eltiosam.com.mx\/index.php\/wp-json\/wp\/v2\/product_cat?post=2245"},{"taxonomy":"product_tag","embeddable":true,"href":"https:\/\/eltiosam.com.mx\/index.php\/wp-json\/wp\/v2\/product_tag?post=2245"}],"curies":[{"name":"wp","href":"https:\/\/api.w.org\/{rel}","templated":true}]}}