{"id":2243,"date":"2023-11-15T21:48:23","date_gmt":"2023-11-15T21:48:23","guid":{"rendered":"http:\/\/eltiosam.com.mx\/index.php\/product\/horno-monogram-ztsx1fpsnss\/"},"modified":"2024-02-13T16:32:40","modified_gmt":"2024-02-13T16:32:40","slug":"horno-monogram-ztsx1fpsnss","status":"publish","type":"product","link":"https:\/\/eltiosam.com.mx\/index.php\/product\/horno-monogram-ztsx1fpsnss\/","title":{"rendered":"HORNO MONOGRAM ZTSX1FPSNSS"},"content":{"rendered":"<p><strong>Descripci\u00f3n del Producto:<\/strong><\/p>\n<p>El Horno Monogram ZTSX1FPSNSS es un horno el\u00e9ctrico inteligente de una sola puerta con estilo franc\u00e9s, parte de la prestigiosa colecci\u00f3n Monogram Statement. Ofrece caracter\u00edsticas avanzadas como control por voz, modos de cocci\u00f3n de precisi\u00f3n y la tecnolog\u00eda &#8220;Scan to Cook&#8221;, que permite preparar alimentos empaquetados escaneando su c\u00f3digo de barras con un smartphone. Adem\u00e1s, cuenta con convecci\u00f3n europea verdadera con aire directo y una opci\u00f3n de fritura al aire caliente sin precalentar.<\/p>\n","protected":false},"excerpt":{"rendered":"<p>Descripci\u00f3n del Producto: El Horno Monogram ZTSX1FPSNSS es un horno el\u00e9ctrico inteligente de una sola puerta con estilo franc\u00e9s, parte de la prestigiosa colecci\u00f3n Monogram Statement. Ofrece caracter\u00edsticas avanzadas como control por voz, modos de cocci\u00f3n de precisi\u00f3n y la tecnolog\u00eda &#8220;Scan to Cook&#8221;, que permite preparar alimentos empaquetados escaneando su c\u00f3digo de barras con [&hellip;]<\/p>\n","protected":false},"featured_media":4236,"template":"","meta":{"_joinchat":[]},"product_brand":[],"product_cat":[161,29,175,178],"product_tag":[79],"class_list":{"0":"post-2243","1":"product","2":"type-product","3":"status-publish","4":"has-post-thumbnail","6":"product_cat-best-selling-products","7":"product_cat-coccion","8":"product_cat-hornos","9":"product_cat-hornos-electricos","10":"product_tag-monogram","12":"first","13":"outofstock","14":"shipping-taxable","15":"purchasable","16":"product-type-simple"},"_links":{"self":[{"href":"https:\/\/eltiosam.com.mx\/index.php\/wp-json\/wp\/v2\/product\/2243","targetHints":{"allow":["GET"]}}],"collection":[{"href":"https:\/\/eltiosam.com.mx\/index.php\/wp-json\/wp\/v2\/product"}],"about":[{"href":"https:\/\/eltiosam.com.mx\/index.php\/wp-json\/wp\/v2\/types\/product"}],"wp:featuredmedia":[{"embeddable":true,"href":"https:\/\/eltiosam.com.mx\/index.php\/wp-json\/wp\/v2\/media\/4236"}],"wp:attachment":[{"href":"https:\/\/eltiosam.com.mx\/index.php\/wp-json\/wp\/v2\/media?parent=2243"}],"wp:term":[{"taxonomy":"product_brand","embeddable":true,"href":"https:\/\/eltiosam.com.mx\/index.php\/wp-json\/wp\/v2\/product_brand?post=2243"},{"taxonomy":"product_cat","embeddable":true,"href":"https:\/\/eltiosam.com.mx\/index.php\/wp-json\/wp\/v2\/product_cat?post=2243"},{"taxonomy":"product_tag","embeddable":true,"href":"https:\/\/eltiosam.com.mx\/index.php\/wp-json\/wp\/v2\/product_tag?post=2243"}],"curies":[{"name":"wp","href":"https:\/\/api.w.org\/{rel}","templated":true}]}}