{"id":2242,"date":"2023-11-15T21:48:22","date_gmt":"2023-11-15T21:48:22","guid":{"rendered":"http:\/\/eltiosam.com.mx\/index.php\/product\/horno-monogram-ztd90dssnss\/"},"modified":"2024-02-13T15:32:29","modified_gmt":"2024-02-13T15:32:29","slug":"horno-monogram-ztd90dssnss","status":"publish","type":"product","link":"https:\/\/eltiosam.com.mx\/index.php\/product\/horno-monogram-ztd90dssnss\/","title":{"rendered":"HORNO MONOGRAM ZTD90DSSNSS"},"content":{"rendered":"<p><strong>Descripci\u00f3n del Producto:<\/strong><\/p>\n<p>El Horno Monogram ZTD90DSSNSS es un horno doble el\u00e9ctrico inteligente con una capacidad total de 10 pies c\u00fabicos distribuidos entre los dos hornos. Destaca por su conectividad WiFi, compatible con Amazon Alexa y Google Home, permitiendo el control remoto de diversas funciones. Incluye modos de cocci\u00f3n de precisi\u00f3n y la tecnolog\u00eda &#8220;Scan to Cook&#8221; para garantizar una cocci\u00f3n adecuada al escanear c\u00f3digos de barras de alimentos con un smartphone. Ofrece convecci\u00f3n europea directa, opci\u00f3n de fritura al aire sin precalentar y controles LCD.<\/p>\n","protected":false},"excerpt":{"rendered":"<p>Descripci\u00f3n del Producto: El Horno Monogram ZTD90DSSNSS es un horno doble el\u00e9ctrico inteligente con una capacidad total de 10 pies c\u00fabicos distribuidos entre los dos hornos. Destaca por su conectividad WiFi, compatible con Amazon Alexa y Google Home, permitiendo el control remoto de diversas funciones. Incluye modos de cocci\u00f3n de precisi\u00f3n y la tecnolog\u00eda &#8220;Scan [&hellip;]<\/p>\n","protected":false},"featured_media":7484,"template":"","meta":{"_joinchat":[]},"product_brand":[],"product_cat":[161,29,175,178],"product_tag":[79],"class_list":{"0":"post-2242","1":"product","2":"type-product","3":"status-publish","4":"has-post-thumbnail","6":"product_cat-best-selling-products","7":"product_cat-coccion","8":"product_cat-hornos","9":"product_cat-hornos-electricos","10":"product_tag-monogram","12":"first","13":"outofstock","14":"shipping-taxable","15":"purchasable","16":"product-type-simple"},"_links":{"self":[{"href":"https:\/\/eltiosam.com.mx\/index.php\/wp-json\/wp\/v2\/product\/2242","targetHints":{"allow":["GET"]}}],"collection":[{"href":"https:\/\/eltiosam.com.mx\/index.php\/wp-json\/wp\/v2\/product"}],"about":[{"href":"https:\/\/eltiosam.com.mx\/index.php\/wp-json\/wp\/v2\/types\/product"}],"wp:featuredmedia":[{"embeddable":true,"href":"https:\/\/eltiosam.com.mx\/index.php\/wp-json\/wp\/v2\/media\/7484"}],"wp:attachment":[{"href":"https:\/\/eltiosam.com.mx\/index.php\/wp-json\/wp\/v2\/media?parent=2242"}],"wp:term":[{"taxonomy":"product_brand","embeddable":true,"href":"https:\/\/eltiosam.com.mx\/index.php\/wp-json\/wp\/v2\/product_brand?post=2242"},{"taxonomy":"product_cat","embeddable":true,"href":"https:\/\/eltiosam.com.mx\/index.php\/wp-json\/wp\/v2\/product_cat?post=2242"},{"taxonomy":"product_tag","embeddable":true,"href":"https:\/\/eltiosam.com.mx\/index.php\/wp-json\/wp\/v2\/product_tag?post=2242"}],"curies":[{"name":"wp","href":"https:\/\/api.w.org\/{rel}","templated":true}]}}