{"id":2199,"date":"2023-11-15T21:48:12","date_gmt":"2023-11-15T21:48:12","guid":{"rendered":"http:\/\/eltiosam.com.mx\/index.php\/product\/horno-io-mabe-80cm-io8042heyd\/"},"modified":"2024-02-13T04:22:53","modified_gmt":"2024-02-13T04:22:53","slug":"horno-io-mabe-80cm-io8042heyd","status":"publish","type":"product","link":"https:\/\/eltiosam.com.mx\/index.php\/product\/horno-io-mabe-80cm-io8042heyd\/","title":{"rendered":"HORNO IO MABE 80CM IO8042HEYD"},"content":{"rendered":"<p><strong>Descripci\u00f3n:<\/strong><\/p>\n<p>Horno Empotrable Gas LP IO Mabe Air Fry 80 cm Acero Inoxidable; cuenta con Display Glass Touch, Air Fry, Steam Clean, visor de flama, encendido Glowbar, asador el\u00e9ctrico alto, Grill, Broil, inicio y apagado programable, luz en horno y canastilla Air Fry.<\/p>\n<p><strong>Convecci\u00f3n<\/strong>: distribuci\u00f3n de calor que te permite mayor eficiencia en tiempo y energ\u00eda para una cocci\u00f3n uniforme de los alimentos.<\/p>\n<p><strong>Display glass touch:<\/strong> controla todas las funciones del horno como: convecci\u00f3n, hornear, Steam Clean y m\u00e1s.<\/p>\n<p><strong>Steam Clean<\/strong>: evapora el agua ayudando a que la suciedad acumulada en el horno se desprenda f\u00e1cilmente.<\/p>\n<p>&nbsp;<\/p>\n","protected":false},"excerpt":{"rendered":"<p>Descripci\u00f3n: Horno Empotrable Gas LP IO Mabe Air Fry 80 cm Acero Inoxidable; cuenta con Display Glass Touch, Air Fry, Steam Clean, visor de flama, encendido Glowbar, asador el\u00e9ctrico alto, Grill, Broil, inicio y apagado programable, luz en horno y canastilla Air Fry. Convecci\u00f3n: distribuci\u00f3n de calor que te permite mayor eficiencia en tiempo y [&hellip;]<\/p>\n","protected":false},"featured_media":4084,"template":"","meta":{"_joinchat":[]},"product_brand":[],"product_cat":[161,29,175,178],"product_tag":[61],"class_list":{"0":"post-2199","1":"product","2":"type-product","3":"status-publish","4":"has-post-thumbnail","6":"product_cat-best-selling-products","7":"product_cat-coccion","8":"product_cat-hornos","9":"product_cat-hornos-electricos","10":"product_tag-io-mabe","12":"first","13":"outofstock","14":"shipping-taxable","15":"purchasable","16":"product-type-simple"},"_links":{"self":[{"href":"https:\/\/eltiosam.com.mx\/index.php\/wp-json\/wp\/v2\/product\/2199","targetHints":{"allow":["GET"]}}],"collection":[{"href":"https:\/\/eltiosam.com.mx\/index.php\/wp-json\/wp\/v2\/product"}],"about":[{"href":"https:\/\/eltiosam.com.mx\/index.php\/wp-json\/wp\/v2\/types\/product"}],"wp:featuredmedia":[{"embeddable":true,"href":"https:\/\/eltiosam.com.mx\/index.php\/wp-json\/wp\/v2\/media\/4084"}],"wp:attachment":[{"href":"https:\/\/eltiosam.com.mx\/index.php\/wp-json\/wp\/v2\/media?parent=2199"}],"wp:term":[{"taxonomy":"product_brand","embeddable":true,"href":"https:\/\/eltiosam.com.mx\/index.php\/wp-json\/wp\/v2\/product_brand?post=2199"},{"taxonomy":"product_cat","embeddable":true,"href":"https:\/\/eltiosam.com.mx\/index.php\/wp-json\/wp\/v2\/product_cat?post=2199"},{"taxonomy":"product_tag","embeddable":true,"href":"https:\/\/eltiosam.com.mx\/index.php\/wp-json\/wp\/v2\/product_tag?post=2199"}],"curies":[{"name":"wp","href":"https:\/\/api.w.org\/{rel}","templated":true}]}}