{"id":2158,"date":"2023-11-15T21:48:02","date_gmt":"2023-11-15T21:48:02","guid":{"rendered":"http:\/\/eltiosam.com.mx\/index.php\/product\/horno-ge-profile-80cm-hgp8050ke0\/"},"modified":"2024-02-13T04:10:06","modified_gmt":"2024-02-13T04:10:06","slug":"horno-ge-profile-80cm-hgp8050ke0","status":"publish","type":"product","link":"https:\/\/eltiosam.com.mx\/index.php\/product\/horno-ge-profile-80cm-hgp8050ke0\/","title":{"rendered":"HORNO GE PROFILE 80CM HGP8050KE0"},"content":{"rendered":"<p><strong>Descripci\u00f3n:<\/strong><\/p>\n<p>El horno GE Profile HGP8050KE0 es un horno el\u00e9ctrico empotrable con diversas caracter\u00edsticas que facilitan la cocci\u00f3n y limpieza. Este horno GE Profile combina funcionalidades avanzadas con un dise\u00f1o elegante y acabado esmaltado porcelanizado, ofreciendo un rendimiento confiable y conveniencia en la cocina.<\/p>\n","protected":false},"excerpt":{"rendered":"<p>Descripci\u00f3n: El horno GE Profile HGP8050KE0 es un horno el\u00e9ctrico empotrable con diversas caracter\u00edsticas que facilitan la cocci\u00f3n y limpieza. Este horno GE Profile combina funcionalidades avanzadas con un dise\u00f1o elegante y acabado esmaltado porcelanizado, ofreciendo un rendimiento confiable y conveniencia en la cocina.<\/p>\n","protected":false},"featured_media":3991,"template":"","meta":{"_joinchat":[]},"product_brand":[],"product_cat":[161,29,175,178],"product_tag":[117],"class_list":{"0":"post-2158","1":"product","2":"type-product","3":"status-publish","4":"has-post-thumbnail","6":"product_cat-best-selling-products","7":"product_cat-coccion","8":"product_cat-hornos","9":"product_cat-hornos-electricos","10":"product_tag-ge-profile","12":"first","13":"outofstock","14":"shipping-taxable","15":"purchasable","16":"product-type-simple"},"_links":{"self":[{"href":"https:\/\/eltiosam.com.mx\/index.php\/wp-json\/wp\/v2\/product\/2158","targetHints":{"allow":["GET"]}}],"collection":[{"href":"https:\/\/eltiosam.com.mx\/index.php\/wp-json\/wp\/v2\/product"}],"about":[{"href":"https:\/\/eltiosam.com.mx\/index.php\/wp-json\/wp\/v2\/types\/product"}],"wp:featuredmedia":[{"embeddable":true,"href":"https:\/\/eltiosam.com.mx\/index.php\/wp-json\/wp\/v2\/media\/3991"}],"wp:attachment":[{"href":"https:\/\/eltiosam.com.mx\/index.php\/wp-json\/wp\/v2\/media?parent=2158"}],"wp:term":[{"taxonomy":"product_brand","embeddable":true,"href":"https:\/\/eltiosam.com.mx\/index.php\/wp-json\/wp\/v2\/product_brand?post=2158"},{"taxonomy":"product_cat","embeddable":true,"href":"https:\/\/eltiosam.com.mx\/index.php\/wp-json\/wp\/v2\/product_cat?post=2158"},{"taxonomy":"product_tag","embeddable":true,"href":"https:\/\/eltiosam.com.mx\/index.php\/wp-json\/wp\/v2\/product_tag?post=2158"}],"curies":[{"name":"wp","href":"https:\/\/api.w.org\/{rel}","templated":true}]}}