{"id":2139,"date":"2023-11-15T21:47:57","date_gmt":"2023-11-15T21:47:57","guid":{"rendered":"http:\/\/eltiosam.com.mx\/index.php\/product\/horno-ge-cafe-cts90fp2ms1\/"},"modified":"2025-07-17T23:07:04","modified_gmt":"2025-07-17T23:07:04","slug":"horno-ge-cafe-cts90fp2ns1","status":"publish","type":"product","link":"https:\/\/eltiosam.com.mx\/index.php\/product\/horno-ge-cafe-cts90fp2ns1\/","title":{"rendered":"HORNO GE CAF\u00c9 CTS90FP2NS1"},"content":{"rendered":"<p><strong>Descripci\u00f3n:<\/strong><br \/>\nCombine una forma elegante y una funcionalidad asombrosa, con un horno de pared con puertas francesas como pieza central de su cocina. La rica est\u00e9tica de un dise\u00f1o de dos puertas solo es superada por lo que hay en el interior: verdadera convecci\u00f3n europea con Direct Air para obtener resultados de horneado y asado sin igual, y conexi\u00f3n WiFi, para un control total de su cocina, desde cualquier lugar.<\/p>\n","protected":false},"excerpt":{"rendered":"<p>Descripci\u00f3n: Combine una forma elegante y una funcionalidad asombrosa, con un horno de pared con puertas francesas como pieza central de su cocina. La rica est\u00e9tica de un dise\u00f1o de dos puertas solo es superada por lo que hay en el interior: verdadera convecci\u00f3n europea con Direct Air para obtener resultados de horneado y asado [&hellip;]<\/p>\n","protected":false},"featured_media":3957,"template":"","meta":{"_joinchat":[]},"product_brand":[],"product_cat":[161,29,175,178],"product_tag":[231],"class_list":{"0":"post-2139","1":"product","2":"type-product","3":"status-publish","4":"has-post-thumbnail","6":"product_cat-best-selling-products","7":"product_cat-coccion","8":"product_cat-hornos","9":"product_cat-hornos-electricos","10":"product_tag-cafe","12":"first","13":"outofstock","14":"shipping-taxable","15":"purchasable","16":"product-type-simple"},"_links":{"self":[{"href":"https:\/\/eltiosam.com.mx\/index.php\/wp-json\/wp\/v2\/product\/2139","targetHints":{"allow":["GET"]}}],"collection":[{"href":"https:\/\/eltiosam.com.mx\/index.php\/wp-json\/wp\/v2\/product"}],"about":[{"href":"https:\/\/eltiosam.com.mx\/index.php\/wp-json\/wp\/v2\/types\/product"}],"wp:featuredmedia":[{"embeddable":true,"href":"https:\/\/eltiosam.com.mx\/index.php\/wp-json\/wp\/v2\/media\/3957"}],"wp:attachment":[{"href":"https:\/\/eltiosam.com.mx\/index.php\/wp-json\/wp\/v2\/media?parent=2139"}],"wp:term":[{"taxonomy":"product_brand","embeddable":true,"href":"https:\/\/eltiosam.com.mx\/index.php\/wp-json\/wp\/v2\/product_brand?post=2139"},{"taxonomy":"product_cat","embeddable":true,"href":"https:\/\/eltiosam.com.mx\/index.php\/wp-json\/wp\/v2\/product_cat?post=2139"},{"taxonomy":"product_tag","embeddable":true,"href":"https:\/\/eltiosam.com.mx\/index.php\/wp-json\/wp\/v2\/product_tag?post=2139"}],"curies":[{"name":"wp","href":"https:\/\/api.w.org\/{rel}","templated":true}]}}