{"id":2092,"date":"2023-11-15T21:47:42","date_gmt":"2023-11-15T21:47:42","guid":{"rendered":"http:\/\/eltiosam.com.mx\/index.php\/product\/horno-de-gas-teka-80cm-hsf-824-g-inox\/"},"modified":"2024-02-12T18:17:15","modified_gmt":"2024-02-12T18:17:15","slug":"horno-de-gas-teka-80cm-hsf-824-g-inox","status":"publish","type":"product","link":"https:\/\/eltiosam.com.mx\/index.php\/product\/horno-de-gas-teka-80cm-hsf-824-g-inox\/","title":{"rendered":"HORNO DE GAS TEKA 80CM HSF 824 G INOX"},"content":{"rendered":"<p><strong>Descripci\u00f3n<\/strong><\/p>\n<div class=\"\">\n<div class=\"\">\n<div class=\"std\">Elaborado en acero inoxidable con antihuellas; cuenta con 5 funciones de cocinado, minutero mec\u00e1nico: 120 minutos, grill el\u00e9ctrico: 1900 W, puerta de doble cristal, ventilaci\u00f3n tangencial forzada, sistema de evacuaci\u00f3n de gases por b\u00f3veda, encendido integrado en el quemador y accionado por el mando; quemador de gas: 1 quemador: 4000 W (13,648 BTU); esmalte interior Crystal Clean, gu\u00edas cromadas con tope antivuelco con cinco alturas de cocinado; parrilla cromada, y bandeja especial para asados.<\/div>\n<\/div>\n<\/div>\n","protected":false},"excerpt":{"rendered":"<p>Descripci\u00f3n Elaborado en acero inoxidable con antihuellas; cuenta con 5 funciones de cocinado, minutero mec\u00e1nico: 120 minutos, grill el\u00e9ctrico: 1900 W, puerta de doble cristal, ventilaci\u00f3n tangencial forzada, sistema de evacuaci\u00f3n de gases por b\u00f3veda, encendido integrado en el quemador y accionado por el mando; quemador de gas: 1 quemador: 4000 W (13,648 BTU); esmalte [&hellip;]<\/p>\n","protected":false},"featured_media":3697,"template":"","meta":{"_joinchat":[]},"product_brand":[],"product_cat":[161,29,175,176],"product_tag":[106],"class_list":{"0":"post-2092","1":"product","2":"type-product","3":"status-publish","4":"has-post-thumbnail","6":"product_cat-best-selling-products","7":"product_cat-coccion","8":"product_cat-hornos","9":"product_cat-hornos-de-gas","10":"product_tag-teka","12":"first","13":"outofstock","14":"shipping-taxable","15":"purchasable","16":"product-type-simple"},"_links":{"self":[{"href":"https:\/\/eltiosam.com.mx\/index.php\/wp-json\/wp\/v2\/product\/2092","targetHints":{"allow":["GET"]}}],"collection":[{"href":"https:\/\/eltiosam.com.mx\/index.php\/wp-json\/wp\/v2\/product"}],"about":[{"href":"https:\/\/eltiosam.com.mx\/index.php\/wp-json\/wp\/v2\/types\/product"}],"wp:featuredmedia":[{"embeddable":true,"href":"https:\/\/eltiosam.com.mx\/index.php\/wp-json\/wp\/v2\/media\/3697"}],"wp:attachment":[{"href":"https:\/\/eltiosam.com.mx\/index.php\/wp-json\/wp\/v2\/media?parent=2092"}],"wp:term":[{"taxonomy":"product_brand","embeddable":true,"href":"https:\/\/eltiosam.com.mx\/index.php\/wp-json\/wp\/v2\/product_brand?post=2092"},{"taxonomy":"product_cat","embeddable":true,"href":"https:\/\/eltiosam.com.mx\/index.php\/wp-json\/wp\/v2\/product_cat?post=2092"},{"taxonomy":"product_tag","embeddable":true,"href":"https:\/\/eltiosam.com.mx\/index.php\/wp-json\/wp\/v2\/product_tag?post=2092"}],"curies":[{"name":"wp","href":"https:\/\/api.w.org\/{rel}","templated":true}]}}