{"id":2091,"date":"2023-11-15T21:47:41","date_gmt":"2023-11-15T21:47:41","guid":{"rendered":"http:\/\/eltiosam.com.mx\/index.php\/product\/horno-de-gas-teka-60cm-hsb-750-g-ss-inox\/"},"modified":"2024-02-12T18:12:03","modified_gmt":"2024-02-12T18:12:03","slug":"horno-de-gas-teka-60cm-hsb-750-g-ss-inox","status":"publish","type":"product","link":"https:\/\/eltiosam.com.mx\/index.php\/product\/horno-de-gas-teka-60cm-hsb-750-g-ss-inox\/","title":{"rendered":"HORNO DE GAS TEKA 60CM HSB 750 G SS INOX"},"content":{"rendered":"<p><strong>Descripci\u00f3n:<br \/>\n<\/strong>Este producto ha sido fabricado utilizando energ\u00eda verde en todo su proceso de producci\u00f3n. El compromiso medioambiental de Teka se centra en la utilizaci\u00f3n de fuentes de energ\u00eda renovable en la fabricaci\u00f3n de nuestros productos. De esta manera, ofrecemos un producto m\u00e1s sostenible sin perder su calidad y esencia. La obtenci\u00f3n del Certificado de Energ\u00eda Verde de la CNMV avala el trabajo de nuestras f\u00e1bricas y almacenes en la preservaci\u00f3n del medio ambiente.<\/p>\n","protected":false},"excerpt":{"rendered":"<p>Descripci\u00f3n: Este producto ha sido fabricado utilizando energ\u00eda verde en todo su proceso de producci\u00f3n. El compromiso medioambiental de Teka se centra en la utilizaci\u00f3n de fuentes de energ\u00eda renovable en la fabricaci\u00f3n de nuestros productos. De esta manera, ofrecemos un producto m\u00e1s sostenible sin perder su calidad y esencia. La obtenci\u00f3n del Certificado de [&hellip;]<\/p>\n","protected":false},"featured_media":3686,"template":"","meta":{"_joinchat":[]},"product_brand":[],"product_cat":[161,29,175,176],"product_tag":[106],"class_list":{"0":"post-2091","1":"product","2":"type-product","3":"status-publish","4":"has-post-thumbnail","6":"product_cat-best-selling-products","7":"product_cat-coccion","8":"product_cat-hornos","9":"product_cat-hornos-de-gas","10":"product_tag-teka","12":"first","13":"outofstock","14":"shipping-taxable","15":"purchasable","16":"product-type-simple"},"_links":{"self":[{"href":"https:\/\/eltiosam.com.mx\/index.php\/wp-json\/wp\/v2\/product\/2091","targetHints":{"allow":["GET"]}}],"collection":[{"href":"https:\/\/eltiosam.com.mx\/index.php\/wp-json\/wp\/v2\/product"}],"about":[{"href":"https:\/\/eltiosam.com.mx\/index.php\/wp-json\/wp\/v2\/types\/product"}],"wp:featuredmedia":[{"embeddable":true,"href":"https:\/\/eltiosam.com.mx\/index.php\/wp-json\/wp\/v2\/media\/3686"}],"wp:attachment":[{"href":"https:\/\/eltiosam.com.mx\/index.php\/wp-json\/wp\/v2\/media?parent=2091"}],"wp:term":[{"taxonomy":"product_brand","embeddable":true,"href":"https:\/\/eltiosam.com.mx\/index.php\/wp-json\/wp\/v2\/product_brand?post=2091"},{"taxonomy":"product_cat","embeddable":true,"href":"https:\/\/eltiosam.com.mx\/index.php\/wp-json\/wp\/v2\/product_cat?post=2091"},{"taxonomy":"product_tag","embeddable":true,"href":"https:\/\/eltiosam.com.mx\/index.php\/wp-json\/wp\/v2\/product_tag?post=2091"}],"curies":[{"name":"wp","href":"https:\/\/api.w.org\/{rel}","templated":true}]}}