{"id":2089,"date":"2023-11-15T21:47:39","date_gmt":"2023-11-15T21:47:39","guid":{"rendered":"http:\/\/eltiosam.com.mx\/index.php\/product\/horno-de-gas-teka-60cm-hbb-724-g-ss-inox\/"},"modified":"2024-02-12T18:05:35","modified_gmt":"2024-02-12T18:05:35","slug":"horno-de-gas-teka-60cm-hbb-724-g-ss-inox","status":"publish","type":"product","link":"https:\/\/eltiosam.com.mx\/index.php\/product\/horno-de-gas-teka-60cm-hbb-724-g-ss-inox\/","title":{"rendered":"HORNO DE GAS TEKA 60CM HBB 724 G SS INOX"},"content":{"rendered":"<p><strong>Descripci\u00f3n:<\/strong><\/p>\n<p>Los hornos empotrables Teka cuentan con gran variedad de funcionalidades para un cocinado m\u00e1s din\u00e1mico, respaldado por la garant\u00eda reconocida de Teka, adem\u00e1s de funcionalidades ahorrativas y de limpieza de \u00faltima generaci\u00f3n.<\/p>\n","protected":false},"excerpt":{"rendered":"<p>Descripci\u00f3n: Los hornos empotrables Teka cuentan con gran variedad de funcionalidades para un cocinado m\u00e1s din\u00e1mico, respaldado por la garant\u00eda reconocida de Teka, adem\u00e1s de funcionalidades ahorrativas y de limpieza de \u00faltima generaci\u00f3n.<\/p>\n","protected":false},"featured_media":3633,"template":"","meta":{"_joinchat":[]},"product_brand":[],"product_cat":[161,29,175,176],"product_tag":[106],"class_list":{"0":"post-2089","1":"product","2":"type-product","3":"status-publish","4":"has-post-thumbnail","6":"product_cat-best-selling-products","7":"product_cat-coccion","8":"product_cat-hornos","9":"product_cat-hornos-de-gas","10":"product_tag-teka","12":"first","13":"outofstock","14":"shipping-taxable","15":"purchasable","16":"product-type-simple"},"_links":{"self":[{"href":"https:\/\/eltiosam.com.mx\/index.php\/wp-json\/wp\/v2\/product\/2089","targetHints":{"allow":["GET"]}}],"collection":[{"href":"https:\/\/eltiosam.com.mx\/index.php\/wp-json\/wp\/v2\/product"}],"about":[{"href":"https:\/\/eltiosam.com.mx\/index.php\/wp-json\/wp\/v2\/types\/product"}],"wp:featuredmedia":[{"embeddable":true,"href":"https:\/\/eltiosam.com.mx\/index.php\/wp-json\/wp\/v2\/media\/3633"}],"wp:attachment":[{"href":"https:\/\/eltiosam.com.mx\/index.php\/wp-json\/wp\/v2\/media?parent=2089"}],"wp:term":[{"taxonomy":"product_brand","embeddable":true,"href":"https:\/\/eltiosam.com.mx\/index.php\/wp-json\/wp\/v2\/product_brand?post=2089"},{"taxonomy":"product_cat","embeddable":true,"href":"https:\/\/eltiosam.com.mx\/index.php\/wp-json\/wp\/v2\/product_cat?post=2089"},{"taxonomy":"product_tag","embeddable":true,"href":"https:\/\/eltiosam.com.mx\/index.php\/wp-json\/wp\/v2\/product_tag?post=2089"}],"curies":[{"name":"wp","href":"https:\/\/api.w.org\/{rel}","templated":true}]}}