{"id":2075,"date":"2023-11-15T21:47:26","date_gmt":"2023-11-15T21:47:26","guid":{"rendered":"http:\/\/eltiosam.com.mx\/index.php\/product\/frigobar-whirlpool-ws-2105r\/"},"modified":"2024-02-12T15:25:40","modified_gmt":"2024-02-12T15:25:40","slug":"frigobar-whirlpool-ws-2105r","status":"publish","type":"product","link":"https:\/\/eltiosam.com.mx\/index.php\/product\/frigobar-whirlpool-ws-2105r\/","title":{"rendered":"FRIGOBAR WHIRLPOOL WS-2105R"},"content":{"rendered":"<p><strong>Descripci\u00f3n<\/strong>:<\/p>\n<p>Refrigerador frigobar compacto de 48 L \/ 2 p\u00b3, ideal para espacios peque\u00f1os, con dise\u00f1o vintage, \u00fanico con el logo retro de Whirlpool. Incluye parrilla hecha de alambr\u00f3n, ideal para el acomodo de tus alimentos y bebidas. Compartimiento interior que funciona como congelador, ideal para mantener tus alimentos y bebidas por m\u00e1s tiempo. Su tama\u00f1o compacto es perfecto para departamentos peque\u00f1os y espacios reducidos.<\/p>\n","protected":false},"excerpt":{"rendered":"<p>Descripci\u00f3n: Refrigerador frigobar compacto de 48 L \/ 2 p\u00b3, ideal para espacios peque\u00f1os, con dise\u00f1o vintage, \u00fanico con el logo retro de Whirlpool. Incluye parrilla hecha de alambr\u00f3n, ideal para el acomodo de tus alimentos y bebidas. Compartimiento interior que funciona como congelador, ideal para mantener tus alimentos y bebidas por m\u00e1s tiempo. Su [&hellip;]<\/p>\n","protected":false},"featured_media":3405,"template":"","meta":{"_joinchat":[]},"product_brand":[],"product_cat":[161,173,20],"product_tag":[204],"class_list":{"0":"post-2075","1":"product","2":"type-product","3":"status-publish","4":"has-post-thumbnail","6":"product_cat-best-selling-products","7":"product_cat-frigobares","8":"product_cat-refrigeracion","9":"product_tag-whirlpool","11":"first","12":"outofstock","13":"shipping-taxable","14":"purchasable","15":"product-type-simple"},"_links":{"self":[{"href":"https:\/\/eltiosam.com.mx\/index.php\/wp-json\/wp\/v2\/product\/2075","targetHints":{"allow":["GET"]}}],"collection":[{"href":"https:\/\/eltiosam.com.mx\/index.php\/wp-json\/wp\/v2\/product"}],"about":[{"href":"https:\/\/eltiosam.com.mx\/index.php\/wp-json\/wp\/v2\/types\/product"}],"wp:featuredmedia":[{"embeddable":true,"href":"https:\/\/eltiosam.com.mx\/index.php\/wp-json\/wp\/v2\/media\/3405"}],"wp:attachment":[{"href":"https:\/\/eltiosam.com.mx\/index.php\/wp-json\/wp\/v2\/media?parent=2075"}],"wp:term":[{"taxonomy":"product_brand","embeddable":true,"href":"https:\/\/eltiosam.com.mx\/index.php\/wp-json\/wp\/v2\/product_brand?post=2075"},{"taxonomy":"product_cat","embeddable":true,"href":"https:\/\/eltiosam.com.mx\/index.php\/wp-json\/wp\/v2\/product_cat?post=2075"},{"taxonomy":"product_tag","embeddable":true,"href":"https:\/\/eltiosam.com.mx\/index.php\/wp-json\/wp\/v2\/product_tag?post=2075"}],"curies":[{"name":"wp","href":"https:\/\/api.w.org\/{rel}","templated":true}]}}