{"id":2074,"date":"2023-11-15T21:47:24","date_gmt":"2023-11-15T21:47:24","guid":{"rendered":"http:\/\/eltiosam.com.mx\/index.php\/product\/frigobar-teka-4p3-rsr-10520-gbk\/"},"modified":"2024-02-12T15:22:11","modified_gmt":"2024-02-12T15:22:11","slug":"frigobar-teka-4p3-rsr-10520-gbk","status":"publish","type":"product","link":"https:\/\/eltiosam.com.mx\/index.php\/product\/frigobar-teka-4p3-rsr-10520-gbk\/","title":{"rendered":"FRIGOBAR TEKA 4p3 RSR 10520 GBK"},"content":{"rendered":"<p><strong>Descripic\u00f3n<\/strong>:<br \/>\nRefrigerador frigobar compacto de 4 p3, el tama\u00f1o ideal para instalar bajo mostrador, con puerta reversible. Cuenta con parrillas de cristal templado. Adem\u00e1s, obt\u00e9n mayor visibilidad del interior gracias a su iluminaci\u00f3n incandescente.<\/p>\n","protected":false},"excerpt":{"rendered":"<p>Descripic\u00f3n: Refrigerador frigobar compacto de 4 p3, el tama\u00f1o ideal para instalar bajo mostrador, con puerta reversible. Cuenta con parrillas de cristal templado. Adem\u00e1s, obt\u00e9n mayor visibilidad del interior gracias a su iluminaci\u00f3n incandescente.<\/p>\n","protected":false},"featured_media":3393,"template":"","meta":{"_joinchat":[]},"product_brand":[],"product_cat":[161,173,20],"product_tag":[106],"class_list":{"0":"post-2074","1":"product","2":"type-product","3":"status-publish","4":"has-post-thumbnail","6":"product_cat-best-selling-products","7":"product_cat-frigobares","8":"product_cat-refrigeracion","9":"product_tag-teka","11":"first","12":"outofstock","13":"shipping-taxable","14":"purchasable","15":"product-type-simple"},"_links":{"self":[{"href":"https:\/\/eltiosam.com.mx\/index.php\/wp-json\/wp\/v2\/product\/2074","targetHints":{"allow":["GET"]}}],"collection":[{"href":"https:\/\/eltiosam.com.mx\/index.php\/wp-json\/wp\/v2\/product"}],"about":[{"href":"https:\/\/eltiosam.com.mx\/index.php\/wp-json\/wp\/v2\/types\/product"}],"wp:featuredmedia":[{"embeddable":true,"href":"https:\/\/eltiosam.com.mx\/index.php\/wp-json\/wp\/v2\/media\/3393"}],"wp:attachment":[{"href":"https:\/\/eltiosam.com.mx\/index.php\/wp-json\/wp\/v2\/media?parent=2074"}],"wp:term":[{"taxonomy":"product_brand","embeddable":true,"href":"https:\/\/eltiosam.com.mx\/index.php\/wp-json\/wp\/v2\/product_brand?post=2074"},{"taxonomy":"product_cat","embeddable":true,"href":"https:\/\/eltiosam.com.mx\/index.php\/wp-json\/wp\/v2\/product_cat?post=2074"},{"taxonomy":"product_tag","embeddable":true,"href":"https:\/\/eltiosam.com.mx\/index.php\/wp-json\/wp\/v2\/product_tag?post=2074"}],"curies":[{"name":"wp","href":"https:\/\/api.w.org\/{rel}","templated":true}]}}