{"id":2057,"date":"2023-11-15T21:47:16","date_gmt":"2023-11-15T21:47:16","guid":{"rendered":"http:\/\/eltiosam.com.mx\/index.php\/product\/estufa-whirlpool-wfr3400s\/"},"modified":"2024-02-09T19:26:22","modified_gmt":"2024-02-09T19:26:22","slug":"estufa-whirlpool-wfr3400s","status":"publish","type":"product","link":"https:\/\/eltiosam.com.mx\/index.php\/product\/estufa-whirlpool-wfr3400s\/","title":{"rendered":"ESTUFA WHIRLPOOL WFR3400S"},"content":{"rendered":"<p><strong>Descripci\u00f3n:<\/strong><\/p>\n<p>La estufa Whirlpool WFR3400S ofrece un rendimiento eficiente y conveniente en la cocina. Esta estufa Whirlpool WFR3400S combina caracter\u00edsticas avanzadas con un dise\u00f1o elegante, proporcionando una soluci\u00f3n eficiente y confiable para tus necesidades de cocina.<\/p>\n","protected":false},"excerpt":{"rendered":"<p>Descripci\u00f3n: La estufa Whirlpool WFR3400S ofrece un rendimiento eficiente y conveniente en la cocina. Esta estufa Whirlpool WFR3400S combina caracter\u00edsticas avanzadas con un dise\u00f1o elegante, proporcionando una soluci\u00f3n eficiente y confiable para tus necesidades de cocina.<\/p>\n","protected":false},"featured_media":3133,"template":"","meta":{"_joinchat":[]},"product_brand":[],"product_cat":[161,29,62,172],"product_tag":[204],"class_list":{"0":"post-2057","1":"product","2":"type-product","3":"status-publish","4":"has-post-thumbnail","6":"product_cat-best-selling-products","7":"product_cat-coccion","8":"product_cat-estufas","9":"product_cat-estufas-de-piso","10":"product_tag-whirlpool","12":"first","13":"outofstock","14":"shipping-taxable","15":"purchasable","16":"product-type-simple"},"_links":{"self":[{"href":"https:\/\/eltiosam.com.mx\/index.php\/wp-json\/wp\/v2\/product\/2057","targetHints":{"allow":["GET"]}}],"collection":[{"href":"https:\/\/eltiosam.com.mx\/index.php\/wp-json\/wp\/v2\/product"}],"about":[{"href":"https:\/\/eltiosam.com.mx\/index.php\/wp-json\/wp\/v2\/types\/product"}],"wp:featuredmedia":[{"embeddable":true,"href":"https:\/\/eltiosam.com.mx\/index.php\/wp-json\/wp\/v2\/media\/3133"}],"wp:attachment":[{"href":"https:\/\/eltiosam.com.mx\/index.php\/wp-json\/wp\/v2\/media?parent=2057"}],"wp:term":[{"taxonomy":"product_brand","embeddable":true,"href":"https:\/\/eltiosam.com.mx\/index.php\/wp-json\/wp\/v2\/product_brand?post=2057"},{"taxonomy":"product_cat","embeddable":true,"href":"https:\/\/eltiosam.com.mx\/index.php\/wp-json\/wp\/v2\/product_cat?post=2057"},{"taxonomy":"product_tag","embeddable":true,"href":"https:\/\/eltiosam.com.mx\/index.php\/wp-json\/wp\/v2\/product_tag?post=2057"}],"curies":[{"name":"wp","href":"https:\/\/api.w.org\/{rel}","templated":true}]}}