{"id":2054,"date":"2023-11-15T21:47:15","date_gmt":"2023-11-15T21:47:15","guid":{"rendered":"http:\/\/eltiosam.com.mx\/index.php\/product\/estufa-whirlpool-wer9100s\/"},"modified":"2024-02-09T19:23:36","modified_gmt":"2024-02-09T19:23:36","slug":"estufa-whirlpool-wer9100s","status":"publish","type":"product","link":"https:\/\/eltiosam.com.mx\/index.php\/product\/estufa-whirlpool-wer9100s\/","title":{"rendered":"ESTUFA WHIRLPOOL WER9100S"},"content":{"rendered":"<p><strong>Descripci\u00f3n:<\/strong><br \/>\nLa estufa Whirlpool WER9100S es un modelo empotrable de 30&#8243; con varias caracter\u00edsticas avanzadas y un dise\u00f1o elegante. La estufa Whirlpool WER9100S ofrece funcionalidades avanzadas para una experiencia de cocina completa y conveniente, junto con medidas de seguridad y dise\u00f1o est\u00e9tico.<\/p>\n","protected":false},"excerpt":{"rendered":"<p>Descripci\u00f3n: La estufa Whirlpool WER9100S es un modelo empotrable de 30&#8243; con varias caracter\u00edsticas avanzadas y un dise\u00f1o elegante. La estufa Whirlpool WER9100S ofrece funcionalidades avanzadas para una experiencia de cocina completa y conveniente, junto con medidas de seguridad y dise\u00f1o est\u00e9tico.<\/p>\n","protected":false},"featured_media":3074,"template":"","meta":{"_joinchat":[]},"product_brand":[],"product_cat":[161,29,62,171],"product_tag":[204],"class_list":{"0":"post-2054","1":"product","2":"type-product","3":"status-publish","4":"has-post-thumbnail","6":"product_cat-best-selling-products","7":"product_cat-coccion","8":"product_cat-estufas","9":"product_cat-estufas-de-empotre","10":"product_tag-whirlpool","12":"first","13":"outofstock","14":"shipping-taxable","15":"purchasable","16":"product-type-simple"},"_links":{"self":[{"href":"https:\/\/eltiosam.com.mx\/index.php\/wp-json\/wp\/v2\/product\/2054","targetHints":{"allow":["GET"]}}],"collection":[{"href":"https:\/\/eltiosam.com.mx\/index.php\/wp-json\/wp\/v2\/product"}],"about":[{"href":"https:\/\/eltiosam.com.mx\/index.php\/wp-json\/wp\/v2\/types\/product"}],"wp:featuredmedia":[{"embeddable":true,"href":"https:\/\/eltiosam.com.mx\/index.php\/wp-json\/wp\/v2\/media\/3074"}],"wp:attachment":[{"href":"https:\/\/eltiosam.com.mx\/index.php\/wp-json\/wp\/v2\/media?parent=2054"}],"wp:term":[{"taxonomy":"product_brand","embeddable":true,"href":"https:\/\/eltiosam.com.mx\/index.php\/wp-json\/wp\/v2\/product_brand?post=2054"},{"taxonomy":"product_cat","embeddable":true,"href":"https:\/\/eltiosam.com.mx\/index.php\/wp-json\/wp\/v2\/product_cat?post=2054"},{"taxonomy":"product_tag","embeddable":true,"href":"https:\/\/eltiosam.com.mx\/index.php\/wp-json\/wp\/v2\/product_tag?post=2054"}],"curies":[{"name":"wp","href":"https:\/\/api.w.org\/{rel}","templated":true}]}}