{"id":2048,"date":"2023-11-15T21:47:13","date_gmt":"2023-11-15T21:47:13","guid":{"rendered":"http:\/\/eltiosam.com.mx\/index.php\/product\/estufa-whirlpool-wer5100s\/"},"modified":"2024-02-09T19:18:05","modified_gmt":"2024-02-09T19:18:05","slug":"estufa-whirlpool-wer5100s","status":"publish","type":"product","link":"https:\/\/eltiosam.com.mx\/index.php\/product\/estufa-whirlpool-wer5100s\/","title":{"rendered":"ESTUFA WHIRLPOOL WER5100S"},"content":{"rendered":"<p><strong>Descripci\u00f3n:<\/strong><br \/>\nLa estufa Whirlpool WER5100S es un modelo empotrable de 30&#8243; que combina eficiencia y dise\u00f1o. La estufa Whirlpool WER5100S ofrece un conjunto de caracter\u00edsticas avanzadas para una experiencia de cocina eficiente y c\u00f3moda, con un dise\u00f1o elegante y moderno.<\/p>\n","protected":false},"excerpt":{"rendered":"<p>Descripci\u00f3n: La estufa Whirlpool WER5100S es un modelo empotrable de 30&#8243; que combina eficiencia y dise\u00f1o. La estufa Whirlpool WER5100S ofrece un conjunto de caracter\u00edsticas avanzadas para una experiencia de cocina eficiente y c\u00f3moda, con un dise\u00f1o elegante y moderno.<\/p>\n","protected":false},"featured_media":2984,"template":"","meta":{"_joinchat":[]},"product_brand":[],"product_cat":[161,29,62,171],"product_tag":[204],"class_list":{"0":"post-2048","1":"product","2":"type-product","3":"status-publish","4":"has-post-thumbnail","6":"product_cat-best-selling-products","7":"product_cat-coccion","8":"product_cat-estufas","9":"product_cat-estufas-de-empotre","10":"product_tag-whirlpool","12":"first","13":"outofstock","14":"shipping-taxable","15":"purchasable","16":"product-type-simple"},"_links":{"self":[{"href":"https:\/\/eltiosam.com.mx\/index.php\/wp-json\/wp\/v2\/product\/2048","targetHints":{"allow":["GET"]}}],"collection":[{"href":"https:\/\/eltiosam.com.mx\/index.php\/wp-json\/wp\/v2\/product"}],"about":[{"href":"https:\/\/eltiosam.com.mx\/index.php\/wp-json\/wp\/v2\/types\/product"}],"wp:featuredmedia":[{"embeddable":true,"href":"https:\/\/eltiosam.com.mx\/index.php\/wp-json\/wp\/v2\/media\/2984"}],"wp:attachment":[{"href":"https:\/\/eltiosam.com.mx\/index.php\/wp-json\/wp\/v2\/media?parent=2048"}],"wp:term":[{"taxonomy":"product_brand","embeddable":true,"href":"https:\/\/eltiosam.com.mx\/index.php\/wp-json\/wp\/v2\/product_brand?post=2048"},{"taxonomy":"product_cat","embeddable":true,"href":"https:\/\/eltiosam.com.mx\/index.php\/wp-json\/wp\/v2\/product_cat?post=2048"},{"taxonomy":"product_tag","embeddable":true,"href":"https:\/\/eltiosam.com.mx\/index.php\/wp-json\/wp\/v2\/product_tag?post=2048"}],"curies":[{"name":"wp","href":"https:\/\/api.w.org\/{rel}","templated":true}]}}